{"id":27730,"date":"2024-09-26T13:48:27","date_gmt":"2024-09-26T05:48:27","guid":{"rendered":"https:\/\/univers.com\/la-nostra-politica-sui-cookie\/"},"modified":"2025-12-17T01:22:59","modified_gmt":"2025-12-16T17:22:59","slug":"la-nostra-politica-sui-cookie","status":"publish","type":"page","link":"https:\/\/univers.com\/it\/la-nostra-politica-sui-cookie\/","title":{"rendered":"La nostra politica sui cookie"},"content":{"rendered":"\t\t<div data-elementor-type=\"wp-page\" data-elementor-id=\"27730\" class=\"elementor elementor-27730 elementor-3018\" data-elementor-post-type=\"page\">\n\t\t\t\t<div class=\"elementor-element elementor-element-33df1144 e-flex e-con-boxed e-con e-parent\" data-id=\"33df1144\" data-element_type=\"container\" data-e-type=\"container\">\n\t\t\t\t\t<div class=\"e-con-inner\">\n\t\t\t\t<div class=\"elementor-element elementor-element-2ecfeafb elementor-invisible elementor-widget elementor-widget-heading\" data-id=\"2ecfeafb\" data-element_type=\"widget\" data-e-type=\"widget\" data-settings=\"{&quot;_animation&quot;:&quot;fadeInUp&quot;}\" data-widget_type=\"heading.default\">\n\t\t\t\t\t<h1 class=\"elementor-heading-title elementor-size-default\">Informativa sui cookie<\/h1>\t\t\t\t<\/div>\n\t\t\t\t\t<\/div>\n\t\t\t\t<\/div>\n\t\t<div class=\"elementor-element elementor-element-7b2c28db e-con-full e-flex e-con e-parent\" data-id=\"7b2c28db\" data-element_type=\"container\" data-e-type=\"container\" data-settings=\"{&quot;background_background&quot;:&quot;classic&quot;}\">\n\t\t<div class=\"elementor-element elementor-element-7254a588 e-flex e-con-boxed e-con e-child\" data-id=\"7254a588\" data-element_type=\"container\" data-e-type=\"container\">\n\t\t\t\t\t<div class=\"e-con-inner\">\n\t\t\t\t<div class=\"elementor-element elementor-element-643fc0ec elementor-invisible elementor-widget elementor-widget-text-editor\" data-id=\"643fc0ec\" data-element_type=\"widget\" data-e-type=\"widget\" data-settings=\"{&quot;_animation&quot;:&quot;fadeInUp&quot;}\" data-widget_type=\"text-editor.default\">\n\t\t\t\t\t\t\t\t\t<p>Data di entrata in vigore: 13 settembre 2023<br>Ultima revisione: 17 settembre 2025<\/p>\t\t\t\t\t\t\t\t<\/div>\n\t\t\t\t<div class=\"elementor-element elementor-element-5c909ec elementor-invisible elementor-widget elementor-widget-text-editor\" data-id=\"5c909ec\" data-element_type=\"widget\" data-e-type=\"widget\" data-settings=\"{&quot;_animation&quot;:&quot;fadeInUp&quot;}\" data-widget_type=\"text-editor.default\">\n\t\t\t\t\t\t\t\t\t<p><em>Informativa sui cookie<\/em><\/p><p>Univers Pte. Ltd. e le sue affiliate &#8220;(&#8220;noi&#8221;&#8221; o &#8220;&#8221;ci&#8221;&#8221;) utilizzano i cookie e altre tecnologie simili (&#8220;cookie&#8221;) per riconoscere il tuo browser o il tuo dispositivo e fornirti funzioni e servizi essenziali. <\/p>\t\t\t\t\t\t\t\t<\/div>\n\t\t\t\t<div class=\"elementor-element elementor-element-b499895 elementor-invisible elementor-widget elementor-widget-text-editor\" data-id=\"b499895\" data-element_type=\"widget\" data-e-type=\"widget\" data-settings=\"{&quot;_animation&quot;:&quot;fadeInUp&quot;}\" data-widget_type=\"text-editor.default\">\n\t\t\t\t\t\t\t\t\t<p class=\"small-body\"><em>Ambito di applicazione della presente Informativa sui cookie<\/em><\/p><p class=\"small-body\">La presente Informativa sui cookie spiega come utilizziamo i cookie e tecnologie simili per riconoscere il tuo browser o il tuo dispositivo quando visiti il nostro sito web. Illustra queste tecnologie, i motivi per cui le utilizziamo e i tuoi diritti di controllare il nostro utilizzo. <\/p>\t\t\t\t\t\t\t\t<\/div>\n\t\t\t\t<div class=\"elementor-element elementor-element-52f9ccbb elementor-invisible elementor-widget elementor-widget-text-editor\" data-id=\"52f9ccbb\" data-element_type=\"widget\" data-e-type=\"widget\" data-settings=\"{&quot;_animation&quot;:&quot;fadeInUp&quot;}\" data-widget_type=\"text-editor.default\">\n\t\t\t\t\t\t\t\t\t<p><em>L&#8217;accettazione della presente Informativa sui cookie da parte dell&#8217;utente<\/em><\/p><p>L&#8217;utente dichiara di aver letto la presente Politica sui cookie e di accettare e fornire il consenso all&#8217;elaborazione dei cookie in base a tale politica. Ti invitiamo a non utilizzare il nostro sito web se non sei d&#8217;accordo con la presente Politica sui cookie. <\/p>\t\t\t\t\t\t\t\t<\/div>\n\t\t\t\t<div class=\"elementor-element elementor-element-1b085c6d elementor-invisible elementor-widget elementor-widget-text-editor\" data-id=\"1b085c6d\" data-element_type=\"widget\" data-e-type=\"widget\" data-settings=\"{&quot;_animation&quot;:&quot;fadeInUp&quot;}\" data-widget_type=\"text-editor.default\">\n\t\t\t\t\t\t\t\t\t<p><em>Che cos&#8217;\u00e8 un biscotto?<\/em><\/p><p>Un &#8220;cookie&#8221; \u00e8 una piccola porzione di dati memorizzata nel tuo browser web per ricordare le tue preferenze e impostazioni, rendere il sito web pi\u00f9 efficiente e personalizzare la tua esperienza sul nostro sito. I cookie non identificano direttamente la tua identit\u00e0, ma ti offrono un&#8217;esperienza di navigazione pi\u00f9 personalizzata. Abbiamo utilizzato due grandi categorie di cookie.  <\/p><p> <\/p><p><img fetchpriority=\"high\" decoding=\"async\" class=\"aligncenter wp-image-3036 size-full\" src=\"https:\/\/univers.com\/wp-content\/uploads\/2024\/09\/image-102.png\" alt=\"\" width=\"796\" height=\"169\" srcset=\"https:\/\/univers.com\/wp-content\/uploads\/2024\/09\/image-102.png 796w, https:\/\/univers.com\/wp-content\/uploads\/2024\/09\/image-102-300x64.png 300w, https:\/\/univers.com\/wp-content\/uploads\/2024\/09\/image-102-768x163.png 768w\" sizes=\"(max-width: 796px) 100vw, 796px\" \/><\/p>\t\t\t\t\t\t\t\t<\/div>\n\t\t\t\t<div class=\"elementor-element elementor-element-255257aa elementor-invisible elementor-widget elementor-widget-text-editor\" data-id=\"255257aa\" data-element_type=\"widget\" data-e-type=\"widget\" data-settings=\"{&quot;_animation&quot;:&quot;fadeInUp&quot;}\" data-widget_type=\"text-editor.default\">\n\t\t\t\t\t\t\t\t\t<p><em>Perch\u00e9 utilizziamo i cookie?<\/em><\/p><p>Utilizziamo i cookie strettamente necessari per abilitare le varie funzionalit\u00e0 del sito web necessarie al suo funzionamento. Utilizziamo altri tipi di cookie per registrare le tue preferenze di utente e misurare le prestazioni del nostro sito web per migliorare la tua esperienza di navigazione. Per quanto riguarda i cookie di terze parti, li utilizziamo per raccogliere dati sull&#8217;utilizzo del sito web da parte dell&#8217;utente, tracciando la sua attivit\u00e0 sui vari siti web per misurare l&#8217;efficacia delle nostre campagne di marketing e per offrire pubblicit\u00e0 mirate in base ai suoi interessi e comportamenti online.  <\/p>\t\t\t\t\t\t\t\t<\/div>\n\t\t\t\t<div class=\"elementor-element elementor-element-4fa661a4 elementor-invisible elementor-widget elementor-widget-text-editor\" data-id=\"4fa661a4\" data-element_type=\"widget\" data-e-type=\"widget\" data-settings=\"{&quot;_animation&quot;:&quot;fadeInUp&quot;}\" data-widget_type=\"text-editor.default\">\n\t\t\t\t\t\t\t\t\t<p><em>Informazioni sul nostro utilizzo dei cookie<\/em><\/p>\n<p>Durante la tua visita, utilizziamo i cookie descritti di seguito per migliorare le prestazioni del nostro sito web. Non contengono dati personali per identificarti (come il tuo nome o altri dettagli di contatto). <\/p><p><br><\/p>\n<p><img decoding=\"async\" class=\"aligncenter size-full wp-image-3040\" src=\"https:\/\/univers.com\/wp-content\/uploads\/2024\/09\/image-103.png\" alt=\"\" width=\"796\" height=\"928\" srcset=\"https:\/\/univers.com\/wp-content\/uploads\/2024\/09\/image-103.png 796w, https:\/\/univers.com\/wp-content\/uploads\/2024\/09\/image-103-257x300.png 257w, https:\/\/univers.com\/wp-content\/uploads\/2024\/09\/image-103-768x895.png 768w\" sizes=\"(max-width: 796px) 100vw, 796px\" \/><\/p>\t\t\t\t\t\t\t\t<\/div>\n\t\t\t\t<div class=\"elementor-element elementor-element-57292044 elementor-invisible elementor-widget elementor-widget-text-editor\" data-id=\"57292044\" data-element_type=\"widget\" data-e-type=\"widget\" data-settings=\"{&quot;_animation&quot;:&quot;fadeInUp&quot;}\" data-widget_type=\"text-editor.default\">\n\t\t\t\t\t\t\t\t\t<p><em>Come puoi gestire i tuoi diritti sull&#8217;utilizzo dei cookie?<\/em><\/p><p>Hai il diritto di accettare o rifiutare diverse categorie di cookie quando visiti il nostro sito web. Puoi accettare tutte le categorie di cookie, accettare categorie specifiche di cookie rifiutandone altre o rifiutare tutte le categorie di cookie. <\/p><p><br>Puoi impostare le tue preferenze sui cookie tramite il nostro banner sui cookie. Puoi cliccare su diverse categorie nel banner dei cookie per modificare le impostazioni predefinite. Se rifiuti alcuni tipi di cookie, la tua esperienza di navigazione e i servizi offerti dal nostro sito web potrebbero risentirne.  <\/p>\t\t\t\t\t\t\t\t<\/div>\n\t\t\t\t<div class=\"elementor-element elementor-element-621a68ad elementor-invisible elementor-widget elementor-widget-text-editor\" data-id=\"621a68ad\" data-element_type=\"widget\" data-e-type=\"widget\" data-settings=\"{&quot;_animation&quot;:&quot;fadeInUp&quot;}\" data-widget_type=\"text-editor.default\">\n\t\t\t\t\t\t\t\t\t<p><em>Modifiche alla presente Informativa sui cookie<\/em><\/p><p>Ci riserviamo il diritto di modificare questa politica in qualsiasi momento dandone comunicazione su questa pagina. Puoi verificare l&#8217;ultimo aggiornamento di questa politica facendo riferimento alla data dell&#8217;ultima modifica elencata all&#8217;inizio di questa pagina. Ti invitiamo a rivedere periodicamente questa informativa per essere sempre aggiornato sulle modalit\u00e0 di raccolta, utilizzo e\/o condivisione delle informazioni nei cookie. L&#8217;uso continuato del nostro sito web dopo la pubblicazione di qualsiasi emendamento, modifica o cambiamento a questa politica costituisce l&#8217;accettazione degli emendamenti. Puoi scegliere di interrompere l&#8217;utilizzo del nostro sito web se non accetti i termini di questa politica o qualsiasi versione modificata.    <\/p>\t\t\t\t\t\t\t\t<\/div>\n\t\t\t\t<div class=\"elementor-element elementor-element-25136860 elementor-invisible elementor-widget elementor-widget-text-editor\" data-id=\"25136860\" data-element_type=\"widget\" data-e-type=\"widget\" data-settings=\"{&quot;_animation&quot;:&quot;fadeInUp&quot;}\" data-widget_type=\"text-editor.default\">\n\t\t\t\t\t\t\t\t\t<p><em>Contattaci<\/em><\/p><p>In caso di domande sulla presente Informativa sui Cookie, si prega di contattare il nostro Ufficio Protezione Dati all&#8217;indirizzo:<\/p><p><br><strong>Indirizzo postale:<\/strong><br>Global Data Protection Office, Univers Pte. Ltd.<br>1 Harbourfront Avenue #17-01 Keppel Bay Tower Singapore 098632 <\/p><p><strong>Tel:<\/strong> +65 6351 9288<\/p><p><strong>Email:<\/strong> privacy@univers.com<\/p>\t\t\t\t\t\t\t\t<\/div>\n\t\t\t\t\t<\/div>\n\t\t\t\t<\/div>\n\t\t\t\t<\/div>\n\t\t<div class=\"elementor-element elementor-element-68f0818 e-flex e-con-boxed e-con e-parent\" data-id=\"68f0818\" data-element_type=\"container\" data-e-type=\"container\">\n\t\t\t\t\t<div class=\"e-con-inner\">\n\t\t\t\t\t<\/div>\n\t\t\t\t<\/div>\n\t\t\t\t<\/div>\n\t\t","protected":false},"excerpt":{"rendered":"<p>Informativa sui cookie Data di entrata in vigore: 13 settembre 2023Ultima revisione: 17 settembre 2025 Informativa sui cookie Univers Pte. Ltd. e le sue affiliate &#8220;(&#8220;noi&#8221;&#8221; o &#8220;&#8221;ci&#8221;&#8221;) utilizzano i cookie e altre tecnologie simili (&#8220;cookie&#8221;) per riconoscere il tuo browser o il tuo dispositivo e fornirti funzioni e servizi essenziali. Ambito di applicazione della [&hellip;]<\/p>\n","protected":false},"author":2,"featured_media":0,"parent":0,"menu_order":9,"comment_status":"closed","ping_status":"closed","template":"elementor_header_footer","meta":{"_acf_changed":false,"footnotes":""},"page-header":[15],"page-type":[],"class_list":["post-27730","page","type-page","status-publish","hentry","page-header-black"],"acf":[],"yoast_head":"<!-- This site is optimized with the Yoast SEO Premium plugin v25.2 (Yoast SEO v26.3) - https:\/\/yoast.com\/wordpress\/plugins\/seo\/ -->\n<title>- %<\/title>\n<meta name=\"robots\" content=\"index, follow, max-snippet:-1, max-image-preview:large, max-video-preview:-1\" \/>\n<link rel=\"canonical\" href=\"https:\/\/univers.com\/it\/la-nostra-politica-sui-cookie\/\" \/>\n<meta property=\"og:locale\" content=\"it_IT\" \/>\n<meta property=\"og:type\" content=\"article\" \/>\n<meta property=\"og:title\" content=\"La nostra politica sui cookie\" \/>\n<meta property=\"og:description\" content=\"Informativa sui cookie Data di entrata in vigore: 13 settembre 2023Ultima revisione: 17 settembre 2025 Informativa sui cookie Univers Pte. Ltd. e le sue affiliate &#8220;(&#8220;noi&#8221;&#8221; o &#8220;&#8221;ci&#8221;&#8221;) utilizzano i cookie e altre tecnologie simili (&#8220;cookie&#8221;) per riconoscere il tuo browser o il tuo dispositivo e fornirti funzioni e servizi essenziali. Ambito di applicazione della [&hellip;]\" \/>\n<meta property=\"og:url\" content=\"https:\/\/univers.com\/it\/la-nostra-politica-sui-cookie\/\" \/>\n<meta property=\"og:site_name\" content=\"Universit\u00e0\" \/>\n<meta property=\"article:modified_time\" content=\"2025-12-16T17:22:59+00:00\" \/>\n<meta property=\"og:image\" content=\"https:\/\/univers.com\/wp-content\/uploads\/2024\/09\/image-102.png\" \/>\n\t<meta property=\"og:image:width\" content=\"796\" \/>\n\t<meta property=\"og:image:height\" content=\"169\" \/>\n\t<meta property=\"og:image:type\" content=\"image\/png\" \/>\n<meta name=\"twitter:card\" content=\"summary_large_image\" \/>\n<meta name=\"twitter:label1\" content=\"Est. reading time\" \/>\n\t<meta name=\"twitter:data1\" content=\"3 minutes\" \/>\n<script type=\"application\/ld+json\" class=\"yoast-schema-graph\">{\"@context\":\"https:\/\/schema.org\",\"@graph\":[{\"@type\":\"WebPage\",\"@id\":\"https:\/\/univers.com\/it\/la-nostra-politica-sui-cookie\/\",\"url\":\"https:\/\/univers.com\/it\/la-nostra-politica-sui-cookie\/\",\"name\":\"- %\",\"isPartOf\":{\"@id\":\"https:\/\/univers.com\/it\/#website\"},\"primaryImageOfPage\":{\"@id\":\"https:\/\/univers.com\/it\/la-nostra-politica-sui-cookie\/#primaryimage\"},\"image\":{\"@id\":\"https:\/\/univers.com\/it\/la-nostra-politica-sui-cookie\/#primaryimage\"},\"thumbnailUrl\":\"https:\/\/univers.com\/wp-content\/uploads\/2024\/09\/image-102.png\",\"datePublished\":\"2024-09-26T05:48:27+00:00\",\"dateModified\":\"2025-12-16T17:22:59+00:00\",\"breadcrumb\":{\"@id\":\"https:\/\/univers.com\/it\/la-nostra-politica-sui-cookie\/#breadcrumb\"},\"inLanguage\":\"it-IT\",\"potentialAction\":[{\"@type\":\"ReadAction\",\"target\":[\"https:\/\/univers.com\/it\/la-nostra-politica-sui-cookie\/\"]}]},{\"@type\":\"ImageObject\",\"inLanguage\":\"it-IT\",\"@id\":\"https:\/\/univers.com\/it\/la-nostra-politica-sui-cookie\/#primaryimage\",\"url\":\"https:\/\/univers.com\/wp-content\/uploads\/2024\/09\/image-102.png\",\"contentUrl\":\"https:\/\/univers.com\/wp-content\/uploads\/2024\/09\/image-102.png\"},{\"@type\":\"BreadcrumbList\",\"@id\":\"https:\/\/univers.com\/it\/la-nostra-politica-sui-cookie\/#breadcrumb\",\"itemListElement\":[{\"@type\":\"ListItem\",\"position\":1,\"name\":\"Casa\",\"item\":\"https:\/\/univers.com\/it\/\"},{\"@type\":\"ListItem\",\"position\":2,\"name\":\"La nostra politica sui cookie\"}]},{\"@type\":\"WebSite\",\"@id\":\"https:\/\/univers.com\/it\/#website\",\"url\":\"https:\/\/univers.com\/it\/\",\"name\":\"Univers\",\"description\":\"Leader mondiale nell'AI e nell'IoT per l'energia\",\"publisher\":{\"@id\":\"https:\/\/univers.com\/it\/#organization\"},\"potentialAction\":[{\"@type\":\"SearchAction\",\"target\":{\"@type\":\"EntryPoint\",\"urlTemplate\":\"https:\/\/univers.com\/it\/?s={search_term_string}\"},\"query-input\":{\"@type\":\"PropertyValueSpecification\",\"valueRequired\":true,\"valueName\":\"search_term_string\"}}],\"inLanguage\":\"it-IT\"},{\"@type\":\"Organization\",\"@id\":\"https:\/\/univers.com\/it\/#organization\",\"name\":\"Universit\u00e0\",\"url\":\"https:\/\/univers.com\/it\/\",\"logo\":{\"@type\":\"ImageObject\",\"inLanguage\":\"it-IT\",\"@id\":\"https:\/\/univers.com\/it\/#\/schema\/logo\/image\/\",\"url\":\"https:\/\/univers.com\/wp-content\/uploads\/2024\/09\/LOGO-UNIVERS-BLACK@3x.png\",\"contentUrl\":\"https:\/\/univers.com\/wp-content\/uploads\/2024\/09\/LOGO-UNIVERS-BLACK@3x.png\",\"width\":345,\"height\":63,\"caption\":\"Universit\u00e0\"},\"image\":{\"@id\":\"https:\/\/univers.com\/it\/#\/schema\/logo\/image\/\"},\"sameAs\":[\"https:\/\/www.linkedin.com\/company\/univers-intl\/\"]}]}<\/script>\n<!-- \/ Yoast SEO Premium plugin. -->","yoast_head_json":{"title":"- %","robots":{"index":"index","follow":"follow","max-snippet":"max-snippet:-1","max-image-preview":"max-image-preview:large","max-video-preview":"max-video-preview:-1"},"canonical":"https:\/\/univers.com\/it\/la-nostra-politica-sui-cookie\/","og_locale":"it_IT","og_type":"article","og_title":"La nostra politica sui cookie","og_description":"Informativa sui cookie Data di entrata in vigore: 13 settembre 2023Ultima revisione: 17 settembre 2025 Informativa sui cookie Univers Pte. Ltd. e le sue affiliate &#8220;(&#8220;noi&#8221;&#8221; o &#8220;&#8221;ci&#8221;&#8221;) utilizzano i cookie e altre tecnologie simili (&#8220;cookie&#8221;) per riconoscere il tuo browser o il tuo dispositivo e fornirti funzioni e servizi essenziali. Ambito di applicazione della [&hellip;]","og_url":"https:\/\/univers.com\/it\/la-nostra-politica-sui-cookie\/","og_site_name":"Universit\u00e0","article_modified_time":"2025-12-16T17:22:59+00:00","og_image":[{"width":796,"height":169,"url":"https:\/\/univers.com\/wp-content\/uploads\/2024\/09\/image-102.png","type":"image\/png"}],"twitter_card":"summary_large_image","twitter_misc":{"Est. reading time":"3 minutes"},"schema":{"@context":"https:\/\/schema.org","@graph":[{"@type":"WebPage","@id":"https:\/\/univers.com\/it\/la-nostra-politica-sui-cookie\/","url":"https:\/\/univers.com\/it\/la-nostra-politica-sui-cookie\/","name":"- %","isPartOf":{"@id":"https:\/\/univers.com\/it\/#website"},"primaryImageOfPage":{"@id":"https:\/\/univers.com\/it\/la-nostra-politica-sui-cookie\/#primaryimage"},"image":{"@id":"https:\/\/univers.com\/it\/la-nostra-politica-sui-cookie\/#primaryimage"},"thumbnailUrl":"https:\/\/univers.com\/wp-content\/uploads\/2024\/09\/image-102.png","datePublished":"2024-09-26T05:48:27+00:00","dateModified":"2025-12-16T17:22:59+00:00","breadcrumb":{"@id":"https:\/\/univers.com\/it\/la-nostra-politica-sui-cookie\/#breadcrumb"},"inLanguage":"it-IT","potentialAction":[{"@type":"ReadAction","target":["https:\/\/univers.com\/it\/la-nostra-politica-sui-cookie\/"]}]},{"@type":"ImageObject","inLanguage":"it-IT","@id":"https:\/\/univers.com\/it\/la-nostra-politica-sui-cookie\/#primaryimage","url":"https:\/\/univers.com\/wp-content\/uploads\/2024\/09\/image-102.png","contentUrl":"https:\/\/univers.com\/wp-content\/uploads\/2024\/09\/image-102.png"},{"@type":"BreadcrumbList","@id":"https:\/\/univers.com\/it\/la-nostra-politica-sui-cookie\/#breadcrumb","itemListElement":[{"@type":"ListItem","position":1,"name":"Casa","item":"https:\/\/univers.com\/it\/"},{"@type":"ListItem","position":2,"name":"La nostra politica sui cookie"}]},{"@type":"WebSite","@id":"https:\/\/univers.com\/it\/#website","url":"https:\/\/univers.com\/it\/","name":"Univers","description":"Leader mondiale nell'AI e nell'IoT per l'energia","publisher":{"@id":"https:\/\/univers.com\/it\/#organization"},"potentialAction":[{"@type":"SearchAction","target":{"@type":"EntryPoint","urlTemplate":"https:\/\/univers.com\/it\/?s={search_term_string}"},"query-input":{"@type":"PropertyValueSpecification","valueRequired":true,"valueName":"search_term_string"}}],"inLanguage":"it-IT"},{"@type":"Organization","@id":"https:\/\/univers.com\/it\/#organization","name":"Universit\u00e0","url":"https:\/\/univers.com\/it\/","logo":{"@type":"ImageObject","inLanguage":"it-IT","@id":"https:\/\/univers.com\/it\/#\/schema\/logo\/image\/","url":"https:\/\/univers.com\/wp-content\/uploads\/2024\/09\/LOGO-UNIVERS-BLACK@3x.png","contentUrl":"https:\/\/univers.com\/wp-content\/uploads\/2024\/09\/LOGO-UNIVERS-BLACK@3x.png","width":345,"height":63,"caption":"Universit\u00e0"},"image":{"@id":"https:\/\/univers.com\/it\/#\/schema\/logo\/image\/"},"sameAs":["https:\/\/www.linkedin.com\/company\/univers-intl\/"]}]}},"_links":{"self":[{"href":"https:\/\/univers.com\/it\/wp-json\/wp\/v2\/pages\/27730","targetHints":{"allow":["GET"]}}],"collection":[{"href":"https:\/\/univers.com\/it\/wp-json\/wp\/v2\/pages"}],"about":[{"href":"https:\/\/univers.com\/it\/wp-json\/wp\/v2\/types\/page"}],"author":[{"embeddable":true,"href":"https:\/\/univers.com\/it\/wp-json\/wp\/v2\/users\/2"}],"replies":[{"embeddable":true,"href":"https:\/\/univers.com\/it\/wp-json\/wp\/v2\/comments?post=27730"}],"version-history":[{"count":0,"href":"https:\/\/univers.com\/it\/wp-json\/wp\/v2\/pages\/27730\/revisions"}],"wp:attachment":[{"href":"https:\/\/univers.com\/it\/wp-json\/wp\/v2\/media?parent=27730"}],"wp:term":[{"taxonomy":"page-header","embeddable":true,"href":"https:\/\/univers.com\/it\/wp-json\/wp\/v2\/page-header?post=27730"},{"taxonomy":"page-type","embeddable":true,"href":"https:\/\/univers.com\/it\/wp-json\/wp\/v2\/page-type?post=27730"}],"curies":[{"name":"wp","href":"https:\/\/api.w.org\/{rel}","templated":true}]}}