{"id":28273,"date":"2024-12-27T02:53:42","date_gmt":"2024-12-26T18:53:42","guid":{"rendered":"https:\/\/univers.com\/evenements\/"},"modified":"2025-12-17T01:24:53","modified_gmt":"2025-12-16T17:24:53","slug":"evenements","status":"publish","type":"page","link":"https:\/\/univers.com\/fr\/evenements\/","title":{"rendered":"Ev\u00e9nements"},"content":{"rendered":"\t\t<div data-elementor-type=\"wp-page\" data-elementor-id=\"28273\" class=\"elementor elementor-28273 elementor-18322\" data-elementor-post-type=\"page\">\n\t\t\t\t<div class=\"elementor-element elementor-element-ee532f0 e-flex e-con-boxed e-con e-parent\" data-id=\"ee532f0\" data-element_type=\"container\" data-e-type=\"container\" data-settings=\"{&quot;background_background&quot;:&quot;classic&quot;}\">\n\t\t\t\t\t<div class=\"e-con-inner\">\n\t\t\t\t<div class=\"elementor-element elementor-element-74faccb elementor-widget__width-initial elementor-invisible elementor-widget elementor-widget-heading\" data-id=\"74faccb\" data-element_type=\"widget\" data-e-type=\"widget\" data-settings=\"{&quot;_animation&quot;:&quot;fadeInUp&quot;}\" data-widget_type=\"heading.default\">\n\t\t\t\t\t<h1 class=\"elementor-heading-title elementor-size-default\">Univers de possibilit\u00e9s<\/h1>\t\t\t\t<\/div>\n\t\t\t\t<div class=\"elementor-element elementor-element-724805d elementor-widget__width-initial elementor-invisible elementor-widget elementor-widget-text-editor\" data-id=\"724805d\" data-element_type=\"widget\" data-e-type=\"widget\" data-settings=\"{&quot;_animation&quot;:&quot;fadeInUp&quot;}\" data-widget_type=\"text-editor.default\">\n\t\t\t\t\t\t\t\t\t<p>D\u00e9couvrez notre liste d&#8217;\u00e9v\u00e9nements pass\u00e9s et pr\u00e9sents.<\/p>\t\t\t\t\t\t\t\t<\/div>\n\t\t\t\t\t<\/div>\n\t\t\t\t<\/div>\n\t\t<div class=\"elementor-element elementor-element-3f0c65b e-flex e-con-boxed e-con e-parent\" data-id=\"3f0c65b\" data-element_type=\"container\" data-e-type=\"container\">\n\t\t\t\t\t<div class=\"e-con-inner\">\n\t\t\t\t<div class=\"elementor-element elementor-element-7531b31 elementor-grid-3 elementor-grid-tablet-2 elementor-grid-mobile-1 elementor-posts--thumbnail-top elementor-card-shadow-yes elementor-posts__hover-gradient elementor-widget elementor-widget-posts\" data-id=\"7531b31\" data-element_type=\"widget\" data-e-type=\"widget\" data-settings=\"{&quot;cards_columns&quot;:&quot;3&quot;,&quot;cards_columns_tablet&quot;:&quot;2&quot;,&quot;cards_columns_mobile&quot;:&quot;1&quot;,&quot;cards_row_gap&quot;:{&quot;unit&quot;:&quot;px&quot;,&quot;size&quot;:35,&quot;sizes&quot;:[]},&quot;cards_row_gap_tablet_extra&quot;:{&quot;unit&quot;:&quot;px&quot;,&quot;size&quot;:&quot;&quot;,&quot;sizes&quot;:[]},&quot;cards_row_gap_tablet&quot;:{&quot;unit&quot;:&quot;px&quot;,&quot;size&quot;:&quot;&quot;,&quot;sizes&quot;:[]},&quot;cards_row_gap_mobile&quot;:{&quot;unit&quot;:&quot;px&quot;,&quot;size&quot;:&quot;&quot;,&quot;sizes&quot;:[]}}\" data-widget_type=\"posts.cards\">\n\t\t\t\t<div class=\"elementor-widget-container\">\n\t\t\t\t\t\t\t<div class=\"elementor-posts-container elementor-posts elementor-posts--skin-cards elementor-grid\" role=\"list\">\n\t\t\t\t<article class=\"elementor-post elementor-grid-item post-29265 event type-event status-publish has-post-thumbnail hentry\" role=\"listitem\">\n\t\t\t<div class=\"elementor-post__card\">\n\t\t\t\t<a class=\"elementor-post__thumbnail__link\" href=\"https:\/\/univers.com\/fr\/event\/sommet-sur-le-stockage-de-lenergie-2025-3\/\" tabindex=\"-1\" ><div class=\"elementor-post__thumbnail\"><img fetchpriority=\"high\" decoding=\"async\" width=\"300\" height=\"168\" src=\"https:\/\/univers.com\/wp-content\/uploads\/2026\/01\/e-world-cover-300x168.jpeg\" class=\"attachment-medium size-medium wp-image-29272\" alt=\"\" srcset=\"https:\/\/univers.com\/wp-content\/uploads\/2026\/01\/e-world-cover-300x168.jpeg 300w, https:\/\/univers.com\/wp-content\/uploads\/2026\/01\/e-world-cover-768x430.jpeg 768w, https:\/\/univers.com\/wp-content\/uploads\/2026\/01\/e-world-cover.jpeg 800w\" sizes=\"(max-width: 300px) 100vw, 300px\" \/><\/div><\/a>\n\t\t\t\t<div class=\"elementor-post__text\">\n\t\t\t\t<h3 class=\"elementor-post__title\">\n\t\t\t<a href=\"https:\/\/univers.com\/fr\/event\/sommet-sur-le-stockage-de-lenergie-2025-3\/\" >\n\t\t\t\tSommet sur le stockage de l&#8217;\u00e9nergie 2025\t\t\t<\/a>\n\t\t<\/h3>\n\t\t\n\t\t<a class=\"elementor-post__read-more\" href=\"https:\/\/univers.com\/fr\/event\/sommet-sur-le-stockage-de-lenergie-2025-3\/\" aria-label=\"Read more about Sommet sur le stockage de l&#8217;\u00e9nergie 2025\" tabindex=\"-1\" >\n\t\t\tLire la suite \"\t\t<\/a>\n\n\t\t\t\t<\/div>\n\t\t\t\t<div class=\"elementor-post__meta-data\">\n\t\t\t\t\t<span class=\"elementor-post-date\">\n\t\t\tJanuary 20, 2026\t\t<\/span>\n\t\t\t\t<\/div>\n\t\t\t\t\t<\/div>\n\t\t<\/article>\n\t\t\t\t<article class=\"elementor-post elementor-grid-item post-29258 event type-event status-publish has-post-thumbnail hentry\" role=\"listitem\">\n\t\t\t<div class=\"elementor-post__card\">\n\t\t\t\t<a class=\"elementor-post__thumbnail__link\" href=\"https:\/\/univers.com\/fr\/event\/sommet-sur-le-stockage-de-lenergie-2025-2\/\" tabindex=\"-1\" ><div class=\"elementor-post__thumbnail\"><img decoding=\"async\" width=\"300\" height=\"168\" src=\"https:\/\/univers.com\/wp-content\/uploads\/2026\/01\/ess-cover-300x168.jpeg\" class=\"attachment-medium size-medium wp-image-29277\" alt=\"\" srcset=\"https:\/\/univers.com\/wp-content\/uploads\/2026\/01\/ess-cover-300x168.jpeg 300w, https:\/\/univers.com\/wp-content\/uploads\/2026\/01\/ess-cover-1024x574.jpeg 1024w, https:\/\/univers.com\/wp-content\/uploads\/2026\/01\/ess-cover-768x430.jpeg 768w, https:\/\/univers.com\/wp-content\/uploads\/2026\/01\/ess-cover-1536x861.jpeg 1536w, https:\/\/univers.com\/wp-content\/uploads\/2026\/01\/ess-cover-2048x1148.jpeg 2048w\" sizes=\"(max-width: 300px) 100vw, 300px\" \/><\/div><\/a>\n\t\t\t\t<div class=\"elementor-post__text\">\n\t\t\t\t<h3 class=\"elementor-post__title\">\n\t\t\t<a href=\"https:\/\/univers.com\/fr\/event\/sommet-sur-le-stockage-de-lenergie-2025-2\/\" >\n\t\t\t\tSommet sur le stockage de l&#8217;\u00e9nergie 2025\t\t\t<\/a>\n\t\t<\/h3>\n\t\t\n\t\t<a class=\"elementor-post__read-more\" href=\"https:\/\/univers.com\/fr\/event\/sommet-sur-le-stockage-de-lenergie-2025-2\/\" aria-label=\"Read more about Sommet sur le stockage de l&#8217;\u00e9nergie 2025\" tabindex=\"-1\" >\n\t\t\tLire la suite \"\t\t<\/a>\n\n\t\t\t\t<\/div>\n\t\t\t\t<div class=\"elementor-post__meta-data\">\n\t\t\t\t\t<span class=\"elementor-post-date\">\n\t\t\tJanuary 20, 2026\t\t<\/span>\n\t\t\t\t<\/div>\n\t\t\t\t\t<\/div>\n\t\t<\/article>\n\t\t\t\t<article class=\"elementor-post elementor-grid-item post-25486 event type-event status-publish has-post-thumbnail hentry\" role=\"listitem\">\n\t\t\t<div class=\"elementor-post__card\">\n\t\t\t\t<a class=\"elementor-post__thumbnail__link\" href=\"https:\/\/univers.com\/fr\/event\/one-univers-singapour-2025\/\" tabindex=\"-1\" ><div class=\"elementor-post__thumbnail\"><img decoding=\"async\" width=\"300\" height=\"169\" src=\"https:\/\/univers.com\/wp-content\/uploads\/2025\/09\/One-Univers-Singapore-with-Dates-300x169.png\" class=\"attachment-medium size-medium wp-image-25487\" alt=\"\" srcset=\"https:\/\/univers.com\/wp-content\/uploads\/2025\/09\/One-Univers-Singapore-with-Dates-300x169.png 300w, https:\/\/univers.com\/wp-content\/uploads\/2025\/09\/One-Univers-Singapore-with-Dates.png 640w\" sizes=\"(max-width: 300px) 100vw, 300px\" \/><\/div><\/a>\n\t\t\t\t<div class=\"elementor-post__text\">\n\t\t\t\t<h3 class=\"elementor-post__title\">\n\t\t\t<a href=\"https:\/\/univers.com\/fr\/event\/one-univers-singapour-2025\/\" >\n\t\t\t\tOne Univers Singapour 2025\t\t\t<\/a>\n\t\t<\/h3>\n\t\t\n\t\t<a class=\"elementor-post__read-more\" href=\"https:\/\/univers.com\/fr\/event\/one-univers-singapour-2025\/\" aria-label=\"Read more about One Univers Singapour 2025\" tabindex=\"-1\" >\n\t\t\tLire la suite \"\t\t<\/a>\n\n\t\t\t\t<\/div>\n\t\t\t\t<div class=\"elementor-post__meta-data\">\n\t\t\t\t\t<span class=\"elementor-post-date\">\n\t\t\tOctober 8, 2025\t\t<\/span>\n\t\t\t\t<\/div>\n\t\t\t\t\t<\/div>\n\t\t<\/article>\n\t\t\t\t<article class=\"elementor-post elementor-grid-item post-25457 event type-event status-publish has-post-thumbnail hentry\" role=\"listitem\">\n\t\t\t<div class=\"elementor-post__card\">\n\t\t\t\t<a class=\"elementor-post__thumbnail__link\" href=\"https:\/\/univers.com\/fr\/event\/une-see-plus-intelligente-en-europe-2025\/\" tabindex=\"-1\" ><div class=\"elementor-post__thumbnail\"><img loading=\"lazy\" decoding=\"async\" width=\"300\" height=\"195\" src=\"https:\/\/univers.com\/wp-content\/uploads\/2025\/03\/Screenshot-2025-04-07-095329-300x195.png\" class=\"attachment-medium size-medium wp-image-24062\" alt=\"\" srcset=\"https:\/\/univers.com\/wp-content\/uploads\/2025\/03\/Screenshot-2025-04-07-095329-300x195.png 300w, https:\/\/univers.com\/wp-content\/uploads\/2025\/03\/Screenshot-2025-04-07-095329.png 585w\" sizes=\"(max-width: 300px) 100vw, 300px\" \/><\/div><\/a>\n\t\t\t\t<div class=\"elementor-post__text\">\n\t\t\t\t<h3 class=\"elementor-post__title\">\n\t\t\t<a href=\"https:\/\/univers.com\/fr\/event\/une-see-plus-intelligente-en-europe-2025\/\" >\n\t\t\t\tUne SEE plus intelligente en Europe 2025\t\t\t<\/a>\n\t\t<\/h3>\n\t\t\n\t\t<a class=\"elementor-post__read-more\" href=\"https:\/\/univers.com\/fr\/event\/une-see-plus-intelligente-en-europe-2025\/\" aria-label=\"Read more about Une SEE plus intelligente en Europe 2025\" tabindex=\"-1\" >\n\t\t\tLire la suite \"\t\t<\/a>\n\n\t\t\t\t<\/div>\n\t\t\t\t<div class=\"elementor-post__meta-data\">\n\t\t\t\t\t<span class=\"elementor-post-date\">\n\t\t\tApril 7, 2025\t\t<\/span>\n\t\t\t\t<\/div>\n\t\t\t\t\t<\/div>\n\t\t<\/article>\n\t\t\t\t<article class=\"elementor-post elementor-grid-item post-25431 event type-event status-publish has-post-thumbnail hentry\" role=\"listitem\">\n\t\t\t<div class=\"elementor-post__card\">\n\t\t\t\t<a class=\"elementor-post__thumbnail__link\" href=\"https:\/\/univers.com\/fr\/event\/semaine-de-lenergie-intelligente-2025\/\" tabindex=\"-1\" ><div class=\"elementor-post__thumbnail\"><img loading=\"lazy\" decoding=\"async\" width=\"300\" height=\"149\" src=\"https:\/\/univers.com\/wp-content\/uploads\/2025\/02\/carousel-01-05-300x149.jpg\" class=\"attachment-medium size-medium wp-image-25436\" alt=\"\" srcset=\"https:\/\/univers.com\/wp-content\/uploads\/2025\/02\/carousel-01-05-300x149.jpg 300w, https:\/\/univers.com\/wp-content\/uploads\/2025\/02\/carousel-01-05-1024x510.jpg 1024w, https:\/\/univers.com\/wp-content\/uploads\/2025\/02\/carousel-01-05-768x382.jpg 768w, https:\/\/univers.com\/wp-content\/uploads\/2025\/02\/carousel-01-05-1536x765.jpg 1536w, https:\/\/univers.com\/wp-content\/uploads\/2025\/02\/carousel-01-05.jpg 1960w\" sizes=\"(max-width: 300px) 100vw, 300px\" \/><\/div><\/a>\n\t\t\t\t<div class=\"elementor-post__text\">\n\t\t\t\t<h3 class=\"elementor-post__title\">\n\t\t\t<a href=\"https:\/\/univers.com\/fr\/event\/semaine-de-lenergie-intelligente-2025\/\" >\n\t\t\t\tSemaine de l&#8217;\u00e9nergie intelligente 2025\t\t\t<\/a>\n\t\t<\/h3>\n\t\t\n\t\t<a class=\"elementor-post__read-more\" href=\"https:\/\/univers.com\/fr\/event\/semaine-de-lenergie-intelligente-2025\/\" aria-label=\"Read more about Semaine de l&#8217;\u00e9nergie intelligente 2025\" tabindex=\"-1\" >\n\t\t\tLire la suite \"\t\t<\/a>\n\n\t\t\t\t<\/div>\n\t\t\t\t<div class=\"elementor-post__meta-data\">\n\t\t\t\t\t<span class=\"elementor-post-date\">\n\t\t\tFebruary 11, 2025\t\t<\/span>\n\t\t\t\t<\/div>\n\t\t\t\t\t<\/div>\n\t\t<\/article>\n\t\t\t\t<article class=\"elementor-post elementor-grid-item post-25438 event type-event status-publish has-post-thumbnail hentry\" role=\"listitem\">\n\t\t\t<div class=\"elementor-post__card\">\n\t\t\t\t<a class=\"elementor-post__thumbnail__link\" href=\"https:\/\/univers.com\/fr\/event\/sommet-sur-le-stockage-de-lenergie-2025\/\" tabindex=\"-1\" ><div class=\"elementor-post__thumbnail\"><img loading=\"lazy\" decoding=\"async\" width=\"300\" height=\"168\" src=\"https:\/\/univers.com\/wp-content\/uploads\/2024\/10\/AdobeStock_806139356-300x168.jpg\" class=\"attachment-medium size-medium wp-image-25442\" alt=\"\" srcset=\"https:\/\/univers.com\/wp-content\/uploads\/2024\/10\/AdobeStock_806139356-300x168.jpg 300w, https:\/\/univers.com\/wp-content\/uploads\/2024\/10\/AdobeStock_806139356-1024x574.jpg 1024w, https:\/\/univers.com\/wp-content\/uploads\/2024\/10\/AdobeStock_806139356-768x430.jpg 768w, https:\/\/univers.com\/wp-content\/uploads\/2024\/10\/AdobeStock_806139356-1536x861.jpg 1536w, https:\/\/univers.com\/wp-content\/uploads\/2024\/10\/AdobeStock_806139356-2048x1148.jpg 2048w\" sizes=\"(max-width: 300px) 100vw, 300px\" \/><\/div><\/a>\n\t\t\t\t<div class=\"elementor-post__text\">\n\t\t\t\t<h3 class=\"elementor-post__title\">\n\t\t\t<a href=\"https:\/\/univers.com\/fr\/event\/sommet-sur-le-stockage-de-lenergie-2025\/\" >\n\t\t\t\tSommet sur le stockage de l&#8217;\u00e9nergie 2025\t\t\t<\/a>\n\t\t<\/h3>\n\t\t\n\t\t<a class=\"elementor-post__read-more\" href=\"https:\/\/univers.com\/fr\/event\/sommet-sur-le-stockage-de-lenergie-2025\/\" aria-label=\"Read more about Sommet sur le stockage de l&#8217;\u00e9nergie 2025\" tabindex=\"-1\" >\n\t\t\tLire la suite \"\t\t<\/a>\n\n\t\t\t\t<\/div>\n\t\t\t\t<div class=\"elementor-post__meta-data\">\n\t\t\t\t\t<span class=\"elementor-post-date\">\n\t\t\tJanuary 17, 2025\t\t<\/span>\n\t\t\t\t<\/div>\n\t\t\t\t\t<\/div>\n\t\t<\/article>\n\t\t\t\t<\/div>\n\t\t\n\t\t\t\t\t\t<\/div>\n\t\t\t\t<\/div>\n\t\t\t\t\t<\/div>\n\t\t\t\t<\/div>\n\t\t\t\t<\/div>\n\t\t","protected":false},"excerpt":{"rendered":"<p>Univers de possibilit\u00e9s D\u00e9couvrez notre liste d&#8217;\u00e9v\u00e9nements pass\u00e9s et pr\u00e9sents.<\/p>\n","protected":false},"author":2,"featured_media":0,"parent":0,"menu_order":0,"comment_status":"closed","ping_status":"closed","template":"elementor_header_footer","meta":{"_acf_changed":false,"footnotes":""},"page-header":[14],"page-type":[],"class_list":["post-28273","page","type-page","status-publish","hentry","page-header-white"],"acf":[],"yoast_head":"<!-- This site is optimized with the Yoast SEO Premium plugin v25.2 (Yoast SEO v26.3) - https:\/\/yoast.com\/wordpress\/plugins\/seo\/ -->\n<title>Ev\u00e9nements - Univers.<\/title>\n<meta name=\"robots\" content=\"index, follow, max-snippet:-1, max-image-preview:large, max-video-preview:-1\" \/>\n<link rel=\"canonical\" href=\"https:\/\/univers.com\/fr\/evenements\/\" \/>\n<meta property=\"og:locale\" content=\"fr_FR\" \/>\n<meta property=\"og:type\" content=\"article\" \/>\n<meta property=\"og:title\" content=\"Ev\u00e9nements\" \/>\n<meta property=\"og:description\" content=\"Univers de possibilit\u00e9s D\u00e9couvrez notre liste d&#8217;\u00e9v\u00e9nements pass\u00e9s et pr\u00e9sents.\" \/>\n<meta property=\"og:url\" content=\"https:\/\/univers.com\/fr\/evenements\/\" \/>\n<meta property=\"og:site_name\" content=\"Univers\" \/>\n<meta property=\"article:modified_time\" content=\"2025-12-16T17:24:53+00:00\" \/>\n<meta property=\"og:image\" content=\"https:\/\/univers.com\/wp-content\/uploads\/2024\/09\/LOGO-UNIVERS-BLACK-1.png\" \/>\n\t<meta property=\"og:image:width\" content=\"119\" \/>\n\t<meta property=\"og:image:height\" content=\"25\" \/>\n\t<meta property=\"og:image:type\" content=\"image\/png\" \/>\n<meta name=\"twitter:card\" content=\"summary_large_image\" \/>\n<script type=\"application\/ld+json\" class=\"yoast-schema-graph\">{\"@context\":\"https:\/\/schema.org\",\"@graph\":[{\"@type\":\"WebPage\",\"@id\":\"https:\/\/univers.com\/fr\/evenements\/\",\"url\":\"https:\/\/univers.com\/fr\/evenements\/\",\"name\":\"Ev\u00e9nements - Univers.\",\"isPartOf\":{\"@id\":\"https:\/\/univers.com\/fr\/#website\"},\"datePublished\":\"2024-12-26T18:53:42+00:00\",\"dateModified\":\"2025-12-16T17:24:53+00:00\",\"breadcrumb\":{\"@id\":\"https:\/\/univers.com\/fr\/evenements\/#breadcrumb\"},\"inLanguage\":\"fr-FR\",\"potentialAction\":[{\"@type\":\"ReadAction\",\"target\":[\"https:\/\/univers.com\/fr\/evenements\/\"]}]},{\"@type\":\"BreadcrumbList\",\"@id\":\"https:\/\/univers.com\/fr\/evenements\/#breadcrumb\",\"itemListElement\":[{\"@type\":\"ListItem\",\"position\":1,\"name\":\"Accueil\",\"item\":\"https:\/\/univers.com\/fr\/\"},{\"@type\":\"ListItem\",\"position\":2,\"name\":\"Ev\u00e9nements\"}]},{\"@type\":\"WebSite\",\"@id\":\"https:\/\/univers.com\/fr\/#website\",\"url\":\"https:\/\/univers.com\/fr\/\",\"name\":\"Univers\",\"description\":\"Leader mondial de l&#039;IA et de l&#039;IoT pour l&#039;\u00e9nergie\",\"publisher\":{\"@id\":\"https:\/\/univers.com\/fr\/#organization\"},\"potentialAction\":[{\"@type\":\"SearchAction\",\"target\":{\"@type\":\"EntryPoint\",\"urlTemplate\":\"https:\/\/univers.com\/fr\/?s={search_term_string}\"},\"query-input\":{\"@type\":\"PropertyValueSpecification\",\"valueRequired\":true,\"valueName\":\"search_term_string\"}}],\"inLanguage\":\"fr-FR\"},{\"@type\":\"Organization\",\"@id\":\"https:\/\/univers.com\/fr\/#organization\",\"name\":\"Univers\",\"url\":\"https:\/\/univers.com\/fr\/\",\"logo\":{\"@type\":\"ImageObject\",\"inLanguage\":\"fr-FR\",\"@id\":\"https:\/\/univers.com\/fr\/#\/schema\/logo\/image\/\",\"url\":\"https:\/\/univers.com\/wp-content\/uploads\/2024\/09\/LOGO-UNIVERS-BLACK@3x.png\",\"contentUrl\":\"https:\/\/univers.com\/wp-content\/uploads\/2024\/09\/LOGO-UNIVERS-BLACK@3x.png\",\"width\":345,\"height\":63,\"caption\":\"Univers\"},\"image\":{\"@id\":\"https:\/\/univers.com\/fr\/#\/schema\/logo\/image\/\"},\"sameAs\":[\"https:\/\/www.linkedin.com\/company\/univers-intl\/\"]}]}<\/script>\n<!-- \/ Yoast SEO Premium plugin. -->","yoast_head_json":{"title":"Ev\u00e9nements - Univers.","robots":{"index":"index","follow":"follow","max-snippet":"max-snippet:-1","max-image-preview":"max-image-preview:large","max-video-preview":"max-video-preview:-1"},"canonical":"https:\/\/univers.com\/fr\/evenements\/","og_locale":"fr_FR","og_type":"article","og_title":"Ev\u00e9nements","og_description":"Univers de possibilit\u00e9s D\u00e9couvrez notre liste d&#8217;\u00e9v\u00e9nements pass\u00e9s et pr\u00e9sents.","og_url":"https:\/\/univers.com\/fr\/evenements\/","og_site_name":"Univers","article_modified_time":"2025-12-16T17:24:53+00:00","og_image":[{"width":119,"height":25,"url":"https:\/\/univers.com\/wp-content\/uploads\/2024\/09\/LOGO-UNIVERS-BLACK-1.png","type":"image\/png"}],"twitter_card":"summary_large_image","schema":{"@context":"https:\/\/schema.org","@graph":[{"@type":"WebPage","@id":"https:\/\/univers.com\/fr\/evenements\/","url":"https:\/\/univers.com\/fr\/evenements\/","name":"Ev\u00e9nements - Univers.","isPartOf":{"@id":"https:\/\/univers.com\/fr\/#website"},"datePublished":"2024-12-26T18:53:42+00:00","dateModified":"2025-12-16T17:24:53+00:00","breadcrumb":{"@id":"https:\/\/univers.com\/fr\/evenements\/#breadcrumb"},"inLanguage":"fr-FR","potentialAction":[{"@type":"ReadAction","target":["https:\/\/univers.com\/fr\/evenements\/"]}]},{"@type":"BreadcrumbList","@id":"https:\/\/univers.com\/fr\/evenements\/#breadcrumb","itemListElement":[{"@type":"ListItem","position":1,"name":"Accueil","item":"https:\/\/univers.com\/fr\/"},{"@type":"ListItem","position":2,"name":"Ev\u00e9nements"}]},{"@type":"WebSite","@id":"https:\/\/univers.com\/fr\/#website","url":"https:\/\/univers.com\/fr\/","name":"Univers","description":"Leader mondial de l&#039;IA et de l&#039;IoT pour l&#039;\u00e9nergie","publisher":{"@id":"https:\/\/univers.com\/fr\/#organization"},"potentialAction":[{"@type":"SearchAction","target":{"@type":"EntryPoint","urlTemplate":"https:\/\/univers.com\/fr\/?s={search_term_string}"},"query-input":{"@type":"PropertyValueSpecification","valueRequired":true,"valueName":"search_term_string"}}],"inLanguage":"fr-FR"},{"@type":"Organization","@id":"https:\/\/univers.com\/fr\/#organization","name":"Univers","url":"https:\/\/univers.com\/fr\/","logo":{"@type":"ImageObject","inLanguage":"fr-FR","@id":"https:\/\/univers.com\/fr\/#\/schema\/logo\/image\/","url":"https:\/\/univers.com\/wp-content\/uploads\/2024\/09\/LOGO-UNIVERS-BLACK@3x.png","contentUrl":"https:\/\/univers.com\/wp-content\/uploads\/2024\/09\/LOGO-UNIVERS-BLACK@3x.png","width":345,"height":63,"caption":"Univers"},"image":{"@id":"https:\/\/univers.com\/fr\/#\/schema\/logo\/image\/"},"sameAs":["https:\/\/www.linkedin.com\/company\/univers-intl\/"]}]}},"_links":{"self":[{"href":"https:\/\/univers.com\/fr\/wp-json\/wp\/v2\/pages\/28273","targetHints":{"allow":["GET"]}}],"collection":[{"href":"https:\/\/univers.com\/fr\/wp-json\/wp\/v2\/pages"}],"about":[{"href":"https:\/\/univers.com\/fr\/wp-json\/wp\/v2\/types\/page"}],"author":[{"embeddable":true,"href":"https:\/\/univers.com\/fr\/wp-json\/wp\/v2\/users\/2"}],"replies":[{"embeddable":true,"href":"https:\/\/univers.com\/fr\/wp-json\/wp\/v2\/comments?post=28273"}],"version-history":[{"count":0,"href":"https:\/\/univers.com\/fr\/wp-json\/wp\/v2\/pages\/28273\/revisions"}],"wp:attachment":[{"href":"https:\/\/univers.com\/fr\/wp-json\/wp\/v2\/media?parent=28273"}],"wp:term":[{"taxonomy":"page-header","embeddable":true,"href":"https:\/\/univers.com\/fr\/wp-json\/wp\/v2\/page-header?post=28273"},{"taxonomy":"page-type","embeddable":true,"href":"https:\/\/univers.com\/fr\/wp-json\/wp\/v2\/page-type?post=28273"}],"curies":[{"name":"wp","href":"https:\/\/api.w.org\/{rel}","templated":true}]}}