{"id":27760,"date":"2024-09-26T13:48:27","date_gmt":"2024-09-26T05:48:27","guid":{"rendered":"https:\/\/univers.com\/notre-politique-en-matiere-de-cookies-univers\/"},"modified":"2025-12-17T01:23:17","modified_gmt":"2025-12-16T17:23:17","slug":"notre-politique-en-matiere-de-cookies-univers","status":"publish","type":"page","link":"https:\/\/univers.com\/fr\/notre-politique-en-matiere-de-cookies-univers\/","title":{"rendered":"Notre politique en mati\u00e8re de cookies | Univers"},"content":{"rendered":"\t\t<div data-elementor-type=\"wp-page\" data-elementor-id=\"27760\" class=\"elementor elementor-27760 elementor-3018\" data-elementor-post-type=\"page\">\n\t\t\t\t<div class=\"elementor-element elementor-element-33df1144 e-flex e-con-boxed e-con e-parent\" data-id=\"33df1144\" data-element_type=\"container\" data-e-type=\"container\">\n\t\t\t\t\t<div class=\"e-con-inner\">\n\t\t\t\t<div class=\"elementor-element elementor-element-2ecfeafb elementor-invisible elementor-widget elementor-widget-heading\" data-id=\"2ecfeafb\" data-element_type=\"widget\" data-e-type=\"widget\" data-settings=\"{&quot;_animation&quot;:&quot;fadeInUp&quot;}\" data-widget_type=\"heading.default\">\n\t\t\t\t\t<h1 class=\"elementor-heading-title elementor-size-default\">Politique en mati\u00e8re de cookies<\/h1>\t\t\t\t<\/div>\n\t\t\t\t\t<\/div>\n\t\t\t\t<\/div>\n\t\t<div class=\"elementor-element elementor-element-7b2c28db e-con-full e-flex e-con e-parent\" data-id=\"7b2c28db\" data-element_type=\"container\" data-e-type=\"container\" data-settings=\"{&quot;background_background&quot;:&quot;classic&quot;}\">\n\t\t<div class=\"elementor-element elementor-element-7254a588 e-flex e-con-boxed e-con e-child\" data-id=\"7254a588\" data-element_type=\"container\" data-e-type=\"container\">\n\t\t\t\t\t<div class=\"e-con-inner\">\n\t\t\t\t<div class=\"elementor-element elementor-element-643fc0ec elementor-invisible elementor-widget elementor-widget-text-editor\" data-id=\"643fc0ec\" data-element_type=\"widget\" data-e-type=\"widget\" data-settings=\"{&quot;_animation&quot;:&quot;fadeInUp&quot;}\" data-widget_type=\"text-editor.default\">\n\t\t\t\t\t\t\t\t\t<p>Date d&#8217;entr\u00e9e en vigueur : 13 Sep 2023<br>Derni\u00e8re r\u00e9vision : 17 Sep 2025<\/p>\t\t\t\t\t\t\t\t<\/div>\n\t\t\t\t<div class=\"elementor-element elementor-element-5c909ec elementor-invisible elementor-widget elementor-widget-text-editor\" data-id=\"5c909ec\" data-element_type=\"widget\" data-e-type=\"widget\" data-settings=\"{&quot;_animation&quot;:&quot;fadeInUp&quot;}\" data-widget_type=\"text-editor.default\">\n\t\t\t\t\t\t\t\t\t<p><em>Politique en mati\u00e8re de cookies<\/em><\/p><p>Univers Pte. Ltd. et ses filiales (&#8220;nous&#8221; ou &#8220;nous&#8221;) utilisent des cookies et d&#8217;autres technologies similaires (&#8220;cookies&#8221;) pour reconna\u00eetre votre navigateur ou votre appareil afin de vous fournir des fonctions et des services essentiels. <\/p>\t\t\t\t\t\t\t\t<\/div>\n\t\t\t\t<div class=\"elementor-element elementor-element-b499895 elementor-invisible elementor-widget elementor-widget-text-editor\" data-id=\"b499895\" data-element_type=\"widget\" data-e-type=\"widget\" data-settings=\"{&quot;_animation&quot;:&quot;fadeInUp&quot;}\" data-widget_type=\"text-editor.default\">\n\t\t\t\t\t\t\t\t\t<p class=\"small-body\"><em>Champ d&#8217;application de la pr\u00e9sente politique en mati\u00e8re de cookies<\/em><\/p><p class=\"small-body\">La pr\u00e9sente politique en mati\u00e8re de cookies explique comment nous utilisons des cookies et des technologies similaires pour reconna\u00eetre votre navigateur ou votre appareil lorsque vous visitez notre site web. Elle explique ces technologies, la raison pour laquelle nous les utilisons et vos droits pour contr\u00f4ler notre utilisation. <\/p>\t\t\t\t\t\t\t\t<\/div>\n\t\t\t\t<div class=\"elementor-element elementor-element-52f9ccbb elementor-invisible elementor-widget elementor-widget-text-editor\" data-id=\"52f9ccbb\" data-element_type=\"widget\" data-e-type=\"widget\" data-settings=\"{&quot;_animation&quot;:&quot;fadeInUp&quot;}\" data-widget_type=\"text-editor.default\">\n\t\t\t\t\t\t\t\t\t<p><em>Votre acceptation de la pr\u00e9sente politique en mati\u00e8re de cookies<\/em><\/p><p>Vous reconnaissez avoir lu la pr\u00e9sente politique en mati\u00e8re de cookies et avoir donn\u00e9 votre accord pour que nous traitions les cookies conform\u00e9ment \u00e0 cette politique. Veuillez ne pas utiliser notre site web si vous n&#8217;\u00eates pas d&#8217;accord avec cette politique en mati\u00e8re de cookies. <\/p>\t\t\t\t\t\t\t\t<\/div>\n\t\t\t\t<div class=\"elementor-element elementor-element-1b085c6d elementor-invisible elementor-widget elementor-widget-text-editor\" data-id=\"1b085c6d\" data-element_type=\"widget\" data-e-type=\"widget\" data-settings=\"{&quot;_animation&quot;:&quot;fadeInUp&quot;}\" data-widget_type=\"text-editor.default\">\n\t\t\t\t\t\t\t\t\t<p><em>Qu&#8217;est-ce qu&#8217;un cookie ?<\/em><\/p><p>Un &#8220;cookie&#8221; est un petit \u00e9l\u00e9ment de donn\u00e9es stock\u00e9 sur votre navigateur web pour m\u00e9moriser vos pr\u00e9f\u00e9rences et vos param\u00e8tres, rendre le site web plus efficace et personnaliser votre exp\u00e9rience sur notre site web. Les cookies ne permettent pas d&#8217;identifier directement votre identit\u00e9, mais ils vous offrent une exp\u00e9rience de navigation plus personnalis\u00e9e. Nous utilisons deux grandes cat\u00e9gories de cookies.  <\/p><p> <\/p><p><img fetchpriority=\"high\" decoding=\"async\" class=\"aligncenter wp-image-3036 size-full\" src=\"https:\/\/univers.com\/wp-content\/uploads\/2024\/09\/image-102.png\" alt=\"\" width=\"796\" height=\"169\" srcset=\"https:\/\/univers.com\/wp-content\/uploads\/2024\/09\/image-102.png 796w, https:\/\/univers.com\/wp-content\/uploads\/2024\/09\/image-102-300x64.png 300w, https:\/\/univers.com\/wp-content\/uploads\/2024\/09\/image-102-768x163.png 768w\" sizes=\"(max-width: 796px) 100vw, 796px\" \/><\/p>\t\t\t\t\t\t\t\t<\/div>\n\t\t\t\t<div class=\"elementor-element elementor-element-255257aa elementor-invisible elementor-widget elementor-widget-text-editor\" data-id=\"255257aa\" data-element_type=\"widget\" data-e-type=\"widget\" data-settings=\"{&quot;_animation&quot;:&quot;fadeInUp&quot;}\" data-widget_type=\"text-editor.default\">\n\t\t\t\t\t\t\t\t\t<p><em>Pourquoi utilisons-nous des cookies ?<\/em><\/p><p>Nous utilisons des cookies strictement n\u00e9cessaires pour permettre diverses fonctionnalit\u00e9s du site web n\u00e9cessaires \u00e0 son fonctionnement. Nous utilisons d&#8217;autres types de cookies pour enregistrer vos pr\u00e9f\u00e9rences d&#8217;utilisateur et mesurer les performances de notre site web afin d&#8217;am\u00e9liorer votre exp\u00e9rience de navigation. En ce qui concerne les cookies tiers, nous les utilisons pour collecter des donn\u00e9es sur votre utilisation du site web, suivre votre activit\u00e9 sur les sites web afin de mesurer l&#8217;efficacit\u00e9 de nos campagnes de marketing et de vous proposer des publicit\u00e9s cibl\u00e9es en fonction de vos centres d&#8217;int\u00e9r\u00eat et de vos comportements en ligne.  <\/p>\t\t\t\t\t\t\t\t<\/div>\n\t\t\t\t<div class=\"elementor-element elementor-element-4fa661a4 elementor-invisible elementor-widget elementor-widget-text-editor\" data-id=\"4fa661a4\" data-element_type=\"widget\" data-e-type=\"widget\" data-settings=\"{&quot;_animation&quot;:&quot;fadeInUp&quot;}\" data-widget_type=\"text-editor.default\">\n\t\t\t\t\t\t\t\t\t<p><em>Informations sur notre utilisation des cookies<\/em><\/p>\n<p>Nous utilisons les cookies d\u00e9crits ci-dessous pendant votre visite pour am\u00e9liorer les performances de notre site web. Ils ne contiennent pas de donn\u00e9es personnelles permettant de vous identifier (telles que votre nom ou d&#8217;autres coordonn\u00e9es). <\/p><p><br><\/p>\n<p><img decoding=\"async\" class=\"aligncenter size-full wp-image-3040\" src=\"https:\/\/univers.com\/wp-content\/uploads\/2024\/09\/image-103.png\" alt=\"\" width=\"796\" height=\"928\" srcset=\"https:\/\/univers.com\/wp-content\/uploads\/2024\/09\/image-103.png 796w, https:\/\/univers.com\/wp-content\/uploads\/2024\/09\/image-103-257x300.png 257w, https:\/\/univers.com\/wp-content\/uploads\/2024\/09\/image-103-768x895.png 768w\" sizes=\"(max-width: 796px) 100vw, 796px\" \/><\/p>\t\t\t\t\t\t\t\t<\/div>\n\t\t\t\t<div class=\"elementor-element elementor-element-57292044 elementor-invisible elementor-widget elementor-widget-text-editor\" data-id=\"57292044\" data-element_type=\"widget\" data-e-type=\"widget\" data-settings=\"{&quot;_animation&quot;:&quot;fadeInUp&quot;}\" data-widget_type=\"text-editor.default\">\n\t\t\t\t\t\t\t\t\t<p><em>Comment g\u00e9rer vos droits en mati\u00e8re d&#8217;utilisation des cookies ?<\/em><\/p><p>Vous avez le droit d&#8217;accepter ou de refuser diff\u00e9rentes cat\u00e9gories de cookies lorsque vous visitez notre site web. Vous pouvez accepter toutes les cat\u00e9gories de cookies, accepter des cat\u00e9gories sp\u00e9cifiques de cookies tout en refusant les autres, ou refuser toutes les cat\u00e9gories de cookies. <\/p><p><br>Vous pouvez d\u00e9finir vos pr\u00e9f\u00e9rences en mati\u00e8re de cookies via notre banni\u00e8re de cookies. Vous pouvez cliquer sur les diff\u00e9rentes cat\u00e9gories de notre banni\u00e8re pour modifier nos param\u00e8tres par d\u00e9faut. Veuillez noter que votre exp\u00e9rience de navigation sur le web et les services que nous offrons via notre site web peuvent \u00eatre affect\u00e9s si vous refusez certains types de cookies.  <\/p>\t\t\t\t\t\t\t\t<\/div>\n\t\t\t\t<div class=\"elementor-element elementor-element-621a68ad elementor-invisible elementor-widget elementor-widget-text-editor\" data-id=\"621a68ad\" data-element_type=\"widget\" data-e-type=\"widget\" data-settings=\"{&quot;_animation&quot;:&quot;fadeInUp&quot;}\" data-widget_type=\"text-editor.default\">\n\t\t\t\t\t\t\t\t\t<p><em>Modifications de la pr\u00e9sente politique en mati\u00e8re de cookies<\/em><\/p><p>Nous nous r\u00e9servons le droit de modifier cette politique \u00e0 tout moment en l&#8217;annon\u00e7ant sur cette page. Vous pouvez v\u00e9rifier la date de la derni\u00e8re mise \u00e0 jour de cette politique en vous r\u00e9f\u00e9rant \u00e0 la date de la derni\u00e8re modification indiqu\u00e9e en haut de cette page. Nous vous encourageons \u00e0 consulter r\u00e9guli\u00e8rement cette politique pour vous tenir au courant de la mani\u00e8re dont nous collectons, utilisons et\/ou partageons les informations dans les cookies. En continuant \u00e0 utiliser notre site web apr\u00e8s la publication d&#8217;un amendement, d&#8217;une modification ou d&#8217;un changement de cette politique, vous acceptez les amendements. Vous pouvez choisir de ne plus utiliser notre site web si vous n&#8217;acceptez pas les termes de cette politique ou de toute version modifi\u00e9e.    <\/p>\t\t\t\t\t\t\t\t<\/div>\n\t\t\t\t<div class=\"elementor-element elementor-element-25136860 elementor-invisible elementor-widget elementor-widget-text-editor\" data-id=\"25136860\" data-element_type=\"widget\" data-e-type=\"widget\" data-settings=\"{&quot;_animation&quot;:&quot;fadeInUp&quot;}\" data-widget_type=\"text-editor.default\">\n\t\t\t\t\t\t\t\t\t<p><em>Nous contacter<\/em><\/p><p>Si vous avez des questions concernant la pr\u00e9sente politique en mati\u00e8re de cookies, veuillez contacter notre bureau de protection des donn\u00e9es \u00e0 l&#8217;adresse suivante<\/p><p><br><strong>Adresse postale :<\/strong><br>Global Data Protection Office, Univers Pte. Ltd.<br>1 Harbourfront Avenue #17-01 Keppel Bay Tower Singapore 098632 <\/p><p><strong>Tel :<\/strong> +65 6351 9288<\/p><p><strong>Courriel :<\/strong> privacy@univers.com<\/p>\t\t\t\t\t\t\t\t<\/div>\n\t\t\t\t\t<\/div>\n\t\t\t\t<\/div>\n\t\t\t\t<\/div>\n\t\t<div class=\"elementor-element elementor-element-68f0818 e-flex e-con-boxed e-con e-parent\" data-id=\"68f0818\" data-element_type=\"container\" data-e-type=\"container\">\n\t\t\t\t\t<div class=\"e-con-inner\">\n\t\t\t\t\t<\/div>\n\t\t\t\t<\/div>\n\t\t\t\t<\/div>\n\t\t","protected":false},"excerpt":{"rendered":"<p>Politique en mati\u00e8re de cookies Date d&#8217;entr\u00e9e en vigueur : 13 Sep 2023Derni\u00e8re r\u00e9vision : 17 Sep 2025 Politique en mati\u00e8re de cookies Univers Pte. Ltd. et ses filiales (&#8220;nous&#8221; ou &#8220;nous&#8221;) utilisent des cookies et d&#8217;autres technologies similaires (&#8220;cookies&#8221;) pour reconna\u00eetre votre navigateur ou votre appareil afin de vous fournir des fonctions et des [&hellip;]<\/p>\n","protected":false},"author":2,"featured_media":0,"parent":0,"menu_order":9,"comment_status":"closed","ping_status":"closed","template":"elementor_header_footer","meta":{"_acf_changed":false,"footnotes":""},"page-header":[15],"page-type":[],"class_list":["post-27760","page","type-page","status-publish","hentry","page-header-black"],"acf":[],"yoast_head":"<!-- This site is optimized with the Yoast SEO Premium plugin v25.2 (Yoast SEO v26.3) - https:\/\/yoast.com\/wordpress\/plugins\/seo\/ -->\n<title>Notre politique en mati\u00e8re de cookies | Univers - Univers.<\/title>\n<meta name=\"robots\" content=\"index, follow, max-snippet:-1, max-image-preview:large, max-video-preview:-1\" \/>\n<link rel=\"canonical\" href=\"https:\/\/univers.com\/fr\/notre-politique-en-matiere-de-cookies-univers\/\" \/>\n<meta property=\"og:locale\" content=\"fr_FR\" \/>\n<meta property=\"og:type\" content=\"article\" \/>\n<meta property=\"og:title\" content=\"Notre politique en mati\u00e8re de cookies | Univers\" \/>\n<meta property=\"og:description\" content=\"Politique en mati\u00e8re de cookies Date d&#8217;entr\u00e9e en vigueur : 13 Sep 2023Derni\u00e8re r\u00e9vision : 17 Sep 2025 Politique en mati\u00e8re de cookies Univers Pte. Ltd. et ses filiales (&#8220;nous&#8221; ou &#8220;nous&#8221;) utilisent des cookies et d&#8217;autres technologies similaires (&#8220;cookies&#8221;) pour reconna\u00eetre votre navigateur ou votre appareil afin de vous fournir des fonctions et des [&hellip;]\" \/>\n<meta property=\"og:url\" content=\"https:\/\/univers.com\/fr\/notre-politique-en-matiere-de-cookies-univers\/\" \/>\n<meta property=\"og:site_name\" content=\"Univers\" \/>\n<meta property=\"article:modified_time\" content=\"2025-12-16T17:23:17+00:00\" \/>\n<meta property=\"og:image\" content=\"https:\/\/univers.com\/wp-content\/uploads\/2024\/09\/image-102.png\" \/>\n\t<meta property=\"og:image:width\" content=\"796\" \/>\n\t<meta property=\"og:image:height\" content=\"169\" \/>\n\t<meta property=\"og:image:type\" content=\"image\/png\" \/>\n<meta name=\"twitter:card\" content=\"summary_large_image\" \/>\n<meta name=\"twitter:label1\" content=\"Est. reading time\" \/>\n\t<meta name=\"twitter:data1\" content=\"4 minutes\" \/>\n<script type=\"application\/ld+json\" class=\"yoast-schema-graph\">{\"@context\":\"https:\/\/schema.org\",\"@graph\":[{\"@type\":\"WebPage\",\"@id\":\"https:\/\/univers.com\/fr\/notre-politique-en-matiere-de-cookies-univers\/\",\"url\":\"https:\/\/univers.com\/fr\/notre-politique-en-matiere-de-cookies-univers\/\",\"name\":\"Notre politique en mati\u00e8re de cookies | Univers - Univers.\",\"isPartOf\":{\"@id\":\"https:\/\/univers.com\/fr\/#website\"},\"primaryImageOfPage\":{\"@id\":\"https:\/\/univers.com\/fr\/notre-politique-en-matiere-de-cookies-univers\/#primaryimage\"},\"image\":{\"@id\":\"https:\/\/univers.com\/fr\/notre-politique-en-matiere-de-cookies-univers\/#primaryimage\"},\"thumbnailUrl\":\"https:\/\/univers.com\/wp-content\/uploads\/2024\/09\/image-102.png\",\"datePublished\":\"2024-09-26T05:48:27+00:00\",\"dateModified\":\"2025-12-16T17:23:17+00:00\",\"breadcrumb\":{\"@id\":\"https:\/\/univers.com\/fr\/notre-politique-en-matiere-de-cookies-univers\/#breadcrumb\"},\"inLanguage\":\"fr-FR\",\"potentialAction\":[{\"@type\":\"ReadAction\",\"target\":[\"https:\/\/univers.com\/fr\/notre-politique-en-matiere-de-cookies-univers\/\"]}]},{\"@type\":\"ImageObject\",\"inLanguage\":\"fr-FR\",\"@id\":\"https:\/\/univers.com\/fr\/notre-politique-en-matiere-de-cookies-univers\/#primaryimage\",\"url\":\"https:\/\/univers.com\/wp-content\/uploads\/2024\/09\/image-102.png\",\"contentUrl\":\"https:\/\/univers.com\/wp-content\/uploads\/2024\/09\/image-102.png\"},{\"@type\":\"BreadcrumbList\",\"@id\":\"https:\/\/univers.com\/fr\/notre-politique-en-matiere-de-cookies-univers\/#breadcrumb\",\"itemListElement\":[{\"@type\":\"ListItem\",\"position\":1,\"name\":\"Accueil\",\"item\":\"https:\/\/univers.com\/fr\/\"},{\"@type\":\"ListItem\",\"position\":2,\"name\":\"Notre politique en mati\u00e8re de cookies | Univers\"}]},{\"@type\":\"WebSite\",\"@id\":\"https:\/\/univers.com\/fr\/#website\",\"url\":\"https:\/\/univers.com\/fr\/\",\"name\":\"Univers\",\"description\":\"Leader mondial de l&#039;IA et de l&#039;IoT pour l&#039;\u00e9nergie\",\"publisher\":{\"@id\":\"https:\/\/univers.com\/fr\/#organization\"},\"potentialAction\":[{\"@type\":\"SearchAction\",\"target\":{\"@type\":\"EntryPoint\",\"urlTemplate\":\"https:\/\/univers.com\/fr\/?s={search_term_string}\"},\"query-input\":{\"@type\":\"PropertyValueSpecification\",\"valueRequired\":true,\"valueName\":\"search_term_string\"}}],\"inLanguage\":\"fr-FR\"},{\"@type\":\"Organization\",\"@id\":\"https:\/\/univers.com\/fr\/#organization\",\"name\":\"Univers\",\"url\":\"https:\/\/univers.com\/fr\/\",\"logo\":{\"@type\":\"ImageObject\",\"inLanguage\":\"fr-FR\",\"@id\":\"https:\/\/univers.com\/fr\/#\/schema\/logo\/image\/\",\"url\":\"https:\/\/univers.com\/wp-content\/uploads\/2024\/09\/LOGO-UNIVERS-BLACK@3x.png\",\"contentUrl\":\"https:\/\/univers.com\/wp-content\/uploads\/2024\/09\/LOGO-UNIVERS-BLACK@3x.png\",\"width\":345,\"height\":63,\"caption\":\"Univers\"},\"image\":{\"@id\":\"https:\/\/univers.com\/fr\/#\/schema\/logo\/image\/\"},\"sameAs\":[\"https:\/\/www.linkedin.com\/company\/univers-intl\/\"]}]}<\/script>\n<!-- \/ Yoast SEO Premium plugin. -->","yoast_head_json":{"title":"Notre politique en mati\u00e8re de cookies | Univers - Univers.","robots":{"index":"index","follow":"follow","max-snippet":"max-snippet:-1","max-image-preview":"max-image-preview:large","max-video-preview":"max-video-preview:-1"},"canonical":"https:\/\/univers.com\/fr\/notre-politique-en-matiere-de-cookies-univers\/","og_locale":"fr_FR","og_type":"article","og_title":"Notre politique en mati\u00e8re de cookies | Univers","og_description":"Politique en mati\u00e8re de cookies Date d&#8217;entr\u00e9e en vigueur : 13 Sep 2023Derni\u00e8re r\u00e9vision : 17 Sep 2025 Politique en mati\u00e8re de cookies Univers Pte. Ltd. et ses filiales (&#8220;nous&#8221; ou &#8220;nous&#8221;) utilisent des cookies et d&#8217;autres technologies similaires (&#8220;cookies&#8221;) pour reconna\u00eetre votre navigateur ou votre appareil afin de vous fournir des fonctions et des [&hellip;]","og_url":"https:\/\/univers.com\/fr\/notre-politique-en-matiere-de-cookies-univers\/","og_site_name":"Univers","article_modified_time":"2025-12-16T17:23:17+00:00","og_image":[{"width":796,"height":169,"url":"https:\/\/univers.com\/wp-content\/uploads\/2024\/09\/image-102.png","type":"image\/png"}],"twitter_card":"summary_large_image","twitter_misc":{"Est. reading time":"4 minutes"},"schema":{"@context":"https:\/\/schema.org","@graph":[{"@type":"WebPage","@id":"https:\/\/univers.com\/fr\/notre-politique-en-matiere-de-cookies-univers\/","url":"https:\/\/univers.com\/fr\/notre-politique-en-matiere-de-cookies-univers\/","name":"Notre politique en mati\u00e8re de cookies | Univers - Univers.","isPartOf":{"@id":"https:\/\/univers.com\/fr\/#website"},"primaryImageOfPage":{"@id":"https:\/\/univers.com\/fr\/notre-politique-en-matiere-de-cookies-univers\/#primaryimage"},"image":{"@id":"https:\/\/univers.com\/fr\/notre-politique-en-matiere-de-cookies-univers\/#primaryimage"},"thumbnailUrl":"https:\/\/univers.com\/wp-content\/uploads\/2024\/09\/image-102.png","datePublished":"2024-09-26T05:48:27+00:00","dateModified":"2025-12-16T17:23:17+00:00","breadcrumb":{"@id":"https:\/\/univers.com\/fr\/notre-politique-en-matiere-de-cookies-univers\/#breadcrumb"},"inLanguage":"fr-FR","potentialAction":[{"@type":"ReadAction","target":["https:\/\/univers.com\/fr\/notre-politique-en-matiere-de-cookies-univers\/"]}]},{"@type":"ImageObject","inLanguage":"fr-FR","@id":"https:\/\/univers.com\/fr\/notre-politique-en-matiere-de-cookies-univers\/#primaryimage","url":"https:\/\/univers.com\/wp-content\/uploads\/2024\/09\/image-102.png","contentUrl":"https:\/\/univers.com\/wp-content\/uploads\/2024\/09\/image-102.png"},{"@type":"BreadcrumbList","@id":"https:\/\/univers.com\/fr\/notre-politique-en-matiere-de-cookies-univers\/#breadcrumb","itemListElement":[{"@type":"ListItem","position":1,"name":"Accueil","item":"https:\/\/univers.com\/fr\/"},{"@type":"ListItem","position":2,"name":"Notre politique en mati\u00e8re de cookies | Univers"}]},{"@type":"WebSite","@id":"https:\/\/univers.com\/fr\/#website","url":"https:\/\/univers.com\/fr\/","name":"Univers","description":"Leader mondial de l&#039;IA et de l&#039;IoT pour l&#039;\u00e9nergie","publisher":{"@id":"https:\/\/univers.com\/fr\/#organization"},"potentialAction":[{"@type":"SearchAction","target":{"@type":"EntryPoint","urlTemplate":"https:\/\/univers.com\/fr\/?s={search_term_string}"},"query-input":{"@type":"PropertyValueSpecification","valueRequired":true,"valueName":"search_term_string"}}],"inLanguage":"fr-FR"},{"@type":"Organization","@id":"https:\/\/univers.com\/fr\/#organization","name":"Univers","url":"https:\/\/univers.com\/fr\/","logo":{"@type":"ImageObject","inLanguage":"fr-FR","@id":"https:\/\/univers.com\/fr\/#\/schema\/logo\/image\/","url":"https:\/\/univers.com\/wp-content\/uploads\/2024\/09\/LOGO-UNIVERS-BLACK@3x.png","contentUrl":"https:\/\/univers.com\/wp-content\/uploads\/2024\/09\/LOGO-UNIVERS-BLACK@3x.png","width":345,"height":63,"caption":"Univers"},"image":{"@id":"https:\/\/univers.com\/fr\/#\/schema\/logo\/image\/"},"sameAs":["https:\/\/www.linkedin.com\/company\/univers-intl\/"]}]}},"_links":{"self":[{"href":"https:\/\/univers.com\/fr\/wp-json\/wp\/v2\/pages\/27760","targetHints":{"allow":["GET"]}}],"collection":[{"href":"https:\/\/univers.com\/fr\/wp-json\/wp\/v2\/pages"}],"about":[{"href":"https:\/\/univers.com\/fr\/wp-json\/wp\/v2\/types\/page"}],"author":[{"embeddable":true,"href":"https:\/\/univers.com\/fr\/wp-json\/wp\/v2\/users\/2"}],"replies":[{"embeddable":true,"href":"https:\/\/univers.com\/fr\/wp-json\/wp\/v2\/comments?post=27760"}],"version-history":[{"count":0,"href":"https:\/\/univers.com\/fr\/wp-json\/wp\/v2\/pages\/27760\/revisions"}],"wp:attachment":[{"href":"https:\/\/univers.com\/fr\/wp-json\/wp\/v2\/media?parent=27760"}],"wp:term":[{"taxonomy":"page-header","embeddable":true,"href":"https:\/\/univers.com\/fr\/wp-json\/wp\/v2\/page-header?post=27760"},{"taxonomy":"page-type","embeddable":true,"href":"https:\/\/univers.com\/fr\/wp-json\/wp\/v2\/page-type?post=27760"}],"curies":[{"name":"wp","href":"https:\/\/api.w.org\/{rel}","templated":true}]}}