{"id":27728,"date":"2024-09-26T13:48:27","date_gmt":"2024-09-26T05:48:27","guid":{"rendered":"https:\/\/univers.com\/nuestra-politica-de-cookies-univers\/"},"modified":"2025-12-17T01:22:58","modified_gmt":"2025-12-16T17:22:58","slug":"nuestra-politica-de-cookies-univers","status":"publish","type":"page","link":"https:\/\/univers.com\/es\/nuestra-politica-de-cookies-univers\/","title":{"rendered":"Nuestra pol\u00edtica de cookies | Univers"},"content":{"rendered":"\t\t<div data-elementor-type=\"wp-page\" data-elementor-id=\"27728\" class=\"elementor elementor-27728 elementor-3018\" data-elementor-post-type=\"page\">\n\t\t\t\t<div class=\"elementor-element elementor-element-33df1144 e-flex e-con-boxed e-con e-parent\" data-id=\"33df1144\" data-element_type=\"container\" data-e-type=\"container\">\n\t\t\t\t\t<div class=\"e-con-inner\">\n\t\t\t\t<div class=\"elementor-element elementor-element-2ecfeafb elementor-invisible elementor-widget elementor-widget-heading\" data-id=\"2ecfeafb\" data-element_type=\"widget\" data-e-type=\"widget\" data-settings=\"{&quot;_animation&quot;:&quot;fadeInUp&quot;}\" data-widget_type=\"heading.default\">\n\t\t\t\t\t<h1 class=\"elementor-heading-title elementor-size-default\">Pol\u00edtica de cookies<\/h1>\t\t\t\t<\/div>\n\t\t\t\t\t<\/div>\n\t\t\t\t<\/div>\n\t\t<div class=\"elementor-element elementor-element-7b2c28db e-con-full e-flex e-con e-parent\" data-id=\"7b2c28db\" data-element_type=\"container\" data-e-type=\"container\" data-settings=\"{&quot;background_background&quot;:&quot;classic&quot;}\">\n\t\t<div class=\"elementor-element elementor-element-7254a588 e-flex e-con-boxed e-con e-child\" data-id=\"7254a588\" data-element_type=\"container\" data-e-type=\"container\">\n\t\t\t\t\t<div class=\"e-con-inner\">\n\t\t\t\t<div class=\"elementor-element elementor-element-643fc0ec elementor-invisible elementor-widget elementor-widget-text-editor\" data-id=\"643fc0ec\" data-element_type=\"widget\" data-e-type=\"widget\" data-settings=\"{&quot;_animation&quot;:&quot;fadeInUp&quot;}\" data-widget_type=\"text-editor.default\">\n\t\t\t\t\t\t\t\t\t<p>Fecha de entrada en vigor: 13 Sep 2023<br>\u00daltima revisi\u00f3n: 17 Sep 2025<\/p>\t\t\t\t\t\t\t\t<\/div>\n\t\t\t\t<div class=\"elementor-element elementor-element-5c909ec elementor-invisible elementor-widget elementor-widget-text-editor\" data-id=\"5c909ec\" data-element_type=\"widget\" data-e-type=\"widget\" data-settings=\"{&quot;_animation&quot;:&quot;fadeInUp&quot;}\" data-widget_type=\"text-editor.default\">\n\t\t\t\t\t\t\t\t\t<p><em>Pol\u00edtica de cookies<\/em><\/p><p>Univers Pte. Ltd. y sus filiales &#8220;(&#8220;nos&#8221;&#8221; o &#8220;&#8221;nosotros&#8221;&#8221;) utilizan cookies y otras tecnolog\u00edas similares (&#8220;cookies&#8221;) para reconocer tu navegador o dispositivo y ofrecerte funciones y servicios esenciales. <\/p>\t\t\t\t\t\t\t\t<\/div>\n\t\t\t\t<div class=\"elementor-element elementor-element-b499895 elementor-invisible elementor-widget elementor-widget-text-editor\" data-id=\"b499895\" data-element_type=\"widget\" data-e-type=\"widget\" data-settings=\"{&quot;_animation&quot;:&quot;fadeInUp&quot;}\" data-widget_type=\"text-editor.default\">\n\t\t\t\t\t\t\t\t\t<p class=\"small-body\"><em>\u00c1mbito de aplicaci\u00f3n de esta Pol\u00edtica de Cookies<\/em><\/p><p class=\"small-body\">Esta Pol\u00edtica de Cookies explica c\u00f3mo utilizamos las cookies y tecnolog\u00edas similares para reconocer tu navegador o dispositivo cuando visitas nuestro sitio web. Explica estas tecnolog\u00edas, por qu\u00e9 las utilizamos y tus derechos para controlar nuestro uso. <\/p>\t\t\t\t\t\t\t\t<\/div>\n\t\t\t\t<div class=\"elementor-element elementor-element-52f9ccbb elementor-invisible elementor-widget elementor-widget-text-editor\" data-id=\"52f9ccbb\" data-element_type=\"widget\" data-e-type=\"widget\" data-settings=\"{&quot;_animation&quot;:&quot;fadeInUp&quot;}\" data-widget_type=\"text-editor.default\">\n\t\t\t\t\t\t\t\t\t<p><em>Tu aceptaci\u00f3n de esta Pol\u00edtica de Cookies<\/em><\/p><p>Reconoces que has le\u00eddo esta Pol\u00edtica de Cookies y que est\u00e1s de acuerdo y has dado tu consentimiento para que procesemos cookies siguiendo esta pol\u00edtica. Por favor, no utilices nuestro sitio web si no est\u00e1s de acuerdo con esta Pol\u00edtica de Cookies. <\/p>\t\t\t\t\t\t\t\t<\/div>\n\t\t\t\t<div class=\"elementor-element elementor-element-1b085c6d elementor-invisible elementor-widget elementor-widget-text-editor\" data-id=\"1b085c6d\" data-element_type=\"widget\" data-e-type=\"widget\" data-settings=\"{&quot;_animation&quot;:&quot;fadeInUp&quot;}\" data-widget_type=\"text-editor.default\">\n\t\t\t\t\t\t\t\t\t<p><em>\u00bfQu\u00e9 es una galleta?<\/em><\/p><p>Una &#8220;cookie&#8221; es un peque\u00f1o fragmento de datos que se almacena en tu navegador web para recordar tus preferencias y ajustes, hacer que el sitio web sea m\u00e1s eficiente y personalizar tu experiencia en nuestro sitio web. Las cookies no identifican directamente tu identidad, pero te proporcionan una experiencia de navegaci\u00f3n web m\u00e1s personalizada. Utilizamos dos grandes categor\u00edas de cookies.  <\/p><p> <\/p><p><img fetchpriority=\"high\" decoding=\"async\" class=\"aligncenter wp-image-3036 size-full\" src=\"https:\/\/univers.com\/wp-content\/uploads\/2024\/09\/image-102.png\" alt=\"\" width=\"796\" height=\"169\" srcset=\"https:\/\/univers.com\/wp-content\/uploads\/2024\/09\/image-102.png 796w, https:\/\/univers.com\/wp-content\/uploads\/2024\/09\/image-102-300x64.png 300w, https:\/\/univers.com\/wp-content\/uploads\/2024\/09\/image-102-768x163.png 768w\" sizes=\"(max-width: 796px) 100vw, 796px\" \/><\/p>\t\t\t\t\t\t\t\t<\/div>\n\t\t\t\t<div class=\"elementor-element elementor-element-255257aa elementor-invisible elementor-widget elementor-widget-text-editor\" data-id=\"255257aa\" data-element_type=\"widget\" data-e-type=\"widget\" data-settings=\"{&quot;_animation&quot;:&quot;fadeInUp&quot;}\" data-widget_type=\"text-editor.default\">\n\t\t\t\t\t\t\t\t\t<p><em>\u00bfPor qu\u00e9 utilizamos cookies?<\/em><\/p><p>Utilizamos cookies estrictamente necesarias para permitir diversas funcionalidades del sitio web necesarias para su funcionamiento. Utilizamos otros tipos de cookies para registrar tus preferencias de usuario y medir el rendimiento de nuestro sitio web para mejorar tu experiencia de navegaci\u00f3n. En el caso de las cookies de terceros, las utilizamos para recopilar datos sobre el uso que haces del sitio web, rastrear tu actividad en otros sitios web para medir la eficacia de nuestras campa\u00f1as de marketing y ofrecerte anuncios espec\u00edficos basados en tus intereses y comportamientos en l\u00ednea.  <\/p>\t\t\t\t\t\t\t\t<\/div>\n\t\t\t\t<div class=\"elementor-element elementor-element-4fa661a4 elementor-invisible elementor-widget elementor-widget-text-editor\" data-id=\"4fa661a4\" data-element_type=\"widget\" data-e-type=\"widget\" data-settings=\"{&quot;_animation&quot;:&quot;fadeInUp&quot;}\" data-widget_type=\"text-editor.default\">\n\t\t\t\t\t\t\t\t\t<p><em>Informaci\u00f3n sobre nuestro uso de cookies<\/em><\/p>\n<p>Utilizamos las cookies que se describen a continuaci\u00f3n durante tu visita para mejorar el rendimiento de nuestro sitio web. No contienen datos personales que permitan identificarte (como tu nombre u otros datos de contacto). <\/p><p><br><\/p>\n<p><img decoding=\"async\" class=\"aligncenter size-full wp-image-3040\" src=\"https:\/\/univers.com\/wp-content\/uploads\/2024\/09\/image-103.png\" alt=\"\" width=\"796\" height=\"928\" srcset=\"https:\/\/univers.com\/wp-content\/uploads\/2024\/09\/image-103.png 796w, https:\/\/univers.com\/wp-content\/uploads\/2024\/09\/image-103-257x300.png 257w, https:\/\/univers.com\/wp-content\/uploads\/2024\/09\/image-103-768x895.png 768w\" sizes=\"(max-width: 796px) 100vw, 796px\" \/><\/p>\t\t\t\t\t\t\t\t<\/div>\n\t\t\t\t<div class=\"elementor-element elementor-element-57292044 elementor-invisible elementor-widget elementor-widget-text-editor\" data-id=\"57292044\" data-element_type=\"widget\" data-e-type=\"widget\" data-settings=\"{&quot;_animation&quot;:&quot;fadeInUp&quot;}\" data-widget_type=\"text-editor.default\">\n\t\t\t\t\t\t\t\t\t<p><em>\u00bfC\u00f3mo gestionas tus derechos de uso de cookies?<\/em><\/p><p>Tienes derecho a aceptar o rechazar diferentes categor\u00edas de cookies cuando visitas nuestro sitio web. Puedes aceptar todas las categor\u00edas de cookies, aceptar categor\u00edas espec\u00edficas de cookies y rechazar otras, o rechazar todas las categor\u00edas de cookies. <\/p><p><br>Puedes establecer tus preferencias de cookies a trav\u00e9s de nuestro banner de cookies. Puedes hacer clic en los encabezados de las distintas categor\u00edas de nuestro banner de cookies para modificar nuestra configuraci\u00f3n predeterminada. Ten en cuenta que tu experiencia de navegaci\u00f3n y los servicios que ofrecemos a trav\u00e9s de nuestro sitio web pueden verse afectados si rechazas algunos tipos de cookies.  <\/p>\t\t\t\t\t\t\t\t<\/div>\n\t\t\t\t<div class=\"elementor-element elementor-element-621a68ad elementor-invisible elementor-widget elementor-widget-text-editor\" data-id=\"621a68ad\" data-element_type=\"widget\" data-e-type=\"widget\" data-settings=\"{&quot;_animation&quot;:&quot;fadeInUp&quot;}\" data-widget_type=\"text-editor.default\">\n\t\t\t\t\t\t\t\t\t<p><em>Cambios en esta Pol\u00edtica de Cookies<\/em><\/p><p>Nos reservamos el derecho a modificar esta pol\u00edtica en cualquier momento notific\u00e1ndolo en esta p\u00e1gina. Puedes comprobar cu\u00e1ndo se actualiz\u00f3 por \u00faltima vez esta pol\u00edtica consultando la fecha de la \u00faltima modificaci\u00f3n que aparece en la parte superior de esta p\u00e1gina. Te animamos a que revises esta pol\u00edtica peri\u00f3dicamente para mantenerte al d\u00eda sobre c\u00f3mo recopilamos, utilizamos y\/o compartimos la informaci\u00f3n de las cookies. El uso continuado de nuestro sitio web tras la publicaci\u00f3n de cualquier enmienda, modificaci\u00f3n o cambio de esta pol\u00edtica constituye tu aceptaci\u00f3n de las enmiendas. Puedes optar por dejar de utilizar nuestro sitio web si no aceptas los t\u00e9rminos de esta pol\u00edtica o de cualquier versi\u00f3n modificada.    <\/p>\t\t\t\t\t\t\t\t<\/div>\n\t\t\t\t<div class=\"elementor-element elementor-element-25136860 elementor-invisible elementor-widget elementor-widget-text-editor\" data-id=\"25136860\" data-element_type=\"widget\" data-e-type=\"widget\" data-settings=\"{&quot;_animation&quot;:&quot;fadeInUp&quot;}\" data-widget_type=\"text-editor.default\">\n\t\t\t\t\t\t\t\t\t<p><em>Contactar con nosotros<\/em><\/p><p>Si tienes alguna pregunta sobre esta Pol\u00edtica de Cookies, ponte en contacto con nuestra Oficina de Protecci\u00f3n de Datos en:<\/p><p><br><strong>Direcci\u00f3n postal:<\/strong><br>Global Data Protection Office, Univers Pte. Ltd.<br>1 Harbourfront Avenue #17-01 Keppel Bay Tower Singapur 098632 <\/p><p><strong>Tel:<\/strong> +65 6351 9288<\/p><p><strong>Correo electr\u00f3nico:<\/strong> privacy@univers.com<\/p>\t\t\t\t\t\t\t\t<\/div>\n\t\t\t\t\t<\/div>\n\t\t\t\t<\/div>\n\t\t\t\t<\/div>\n\t\t<div class=\"elementor-element elementor-element-68f0818 e-flex e-con-boxed e-con e-parent\" data-id=\"68f0818\" data-element_type=\"container\" data-e-type=\"container\">\n\t\t\t\t\t<div class=\"e-con-inner\">\n\t\t\t\t\t<\/div>\n\t\t\t\t<\/div>\n\t\t\t\t<\/div>\n\t\t","protected":false},"excerpt":{"rendered":"<p>Pol\u00edtica de cookies Fecha de entrada en vigor: 13 Sep 2023\u00daltima revisi\u00f3n: 17 Sep 2025 Pol\u00edtica de cookies Univers Pte. Ltd. y sus filiales &#8220;(&#8220;nos&#8221;&#8221; o &#8220;&#8221;nosotros&#8221;&#8221;) utilizan cookies y otras tecnolog\u00edas similares (&#8220;cookies&#8221;) para reconocer tu navegador o dispositivo y ofrecerte funciones y servicios esenciales. \u00c1mbito de aplicaci\u00f3n de esta Pol\u00edtica de Cookies Esta [&hellip;]<\/p>\n","protected":false},"author":2,"featured_media":0,"parent":0,"menu_order":9,"comment_status":"closed","ping_status":"closed","template":"elementor_header_footer","meta":{"_acf_changed":false,"footnotes":""},"page-header":[15],"page-type":[],"class_list":["post-27728","page","type-page","status-publish","hentry","page-header-black"],"acf":[],"yoast_head":"<!-- This site is optimized with the Yoast SEO Premium plugin v25.2 (Yoast SEO v26.3) - https:\/\/yoast.com\/wordpress\/plugins\/seo\/ -->\n<title>Nuestra pol\u00edtica de cookies | Univers - %<\/title>\n<meta name=\"robots\" content=\"index, follow, max-snippet:-1, max-image-preview:large, max-video-preview:-1\" \/>\n<link rel=\"canonical\" href=\"https:\/\/univers.com\/es\/nuestra-politica-de-cookies-univers\/\" \/>\n<meta property=\"og:locale\" content=\"es_ES\" \/>\n<meta property=\"og:type\" content=\"article\" \/>\n<meta property=\"og:title\" content=\"Nuestra pol\u00edtica de cookies | Univers\" \/>\n<meta property=\"og:description\" content=\"Pol\u00edtica de cookies Fecha de entrada en vigor: 13 Sep 2023\u00daltima revisi\u00f3n: 17 Sep 2025 Pol\u00edtica de cookies Univers Pte. Ltd. y sus filiales &#8220;(&#8220;nos&#8221;&#8221; o &#8220;&#8221;nosotros&#8221;&#8221;) utilizan cookies y otras tecnolog\u00edas similares (&#8220;cookies&#8221;) para reconocer tu navegador o dispositivo y ofrecerte funciones y servicios esenciales. \u00c1mbito de aplicaci\u00f3n de esta Pol\u00edtica de Cookies Esta [&hellip;]\" \/>\n<meta property=\"og:url\" content=\"https:\/\/univers.com\/es\/nuestra-politica-de-cookies-univers\/\" \/>\n<meta property=\"og:site_name\" content=\"Univers\" \/>\n<meta property=\"article:modified_time\" content=\"2025-12-16T17:22:58+00:00\" \/>\n<meta property=\"og:image\" content=\"https:\/\/univers.com\/wp-content\/uploads\/2024\/09\/image-102.png\" \/>\n\t<meta property=\"og:image:width\" content=\"796\" \/>\n\t<meta property=\"og:image:height\" content=\"169\" \/>\n\t<meta property=\"og:image:type\" content=\"image\/png\" \/>\n<meta name=\"twitter:card\" content=\"summary_large_image\" \/>\n<meta name=\"twitter:label1\" content=\"Est. reading time\" \/>\n\t<meta name=\"twitter:data1\" content=\"3 minutes\" \/>\n<script type=\"application\/ld+json\" class=\"yoast-schema-graph\">{\"@context\":\"https:\/\/schema.org\",\"@graph\":[{\"@type\":\"WebPage\",\"@id\":\"https:\/\/univers.com\/es\/nuestra-politica-de-cookies-univers\/\",\"url\":\"https:\/\/univers.com\/es\/nuestra-politica-de-cookies-univers\/\",\"name\":\"Nuestra pol\u00edtica de cookies | Univers - %\",\"isPartOf\":{\"@id\":\"https:\/\/univers.com\/es\/#website\"},\"primaryImageOfPage\":{\"@id\":\"https:\/\/univers.com\/es\/nuestra-politica-de-cookies-univers\/#primaryimage\"},\"image\":{\"@id\":\"https:\/\/univers.com\/es\/nuestra-politica-de-cookies-univers\/#primaryimage\"},\"thumbnailUrl\":\"https:\/\/univers.com\/wp-content\/uploads\/2024\/09\/image-102.png\",\"datePublished\":\"2024-09-26T05:48:27+00:00\",\"dateModified\":\"2025-12-16T17:22:58+00:00\",\"breadcrumb\":{\"@id\":\"https:\/\/univers.com\/es\/nuestra-politica-de-cookies-univers\/#breadcrumb\"},\"inLanguage\":\"es-ES\",\"potentialAction\":[{\"@type\":\"ReadAction\",\"target\":[\"https:\/\/univers.com\/es\/nuestra-politica-de-cookies-univers\/\"]}]},{\"@type\":\"ImageObject\",\"inLanguage\":\"es-ES\",\"@id\":\"https:\/\/univers.com\/es\/nuestra-politica-de-cookies-univers\/#primaryimage\",\"url\":\"https:\/\/univers.com\/wp-content\/uploads\/2024\/09\/image-102.png\",\"contentUrl\":\"https:\/\/univers.com\/wp-content\/uploads\/2024\/09\/image-102.png\"},{\"@type\":\"BreadcrumbList\",\"@id\":\"https:\/\/univers.com\/es\/nuestra-politica-de-cookies-univers\/#breadcrumb\",\"itemListElement\":[{\"@type\":\"ListItem\",\"position\":1,\"name\":\"Inicio\",\"item\":\"https:\/\/univers.com\/es\/\"},{\"@type\":\"ListItem\",\"position\":2,\"name\":\"Nuestra pol\u00edtica de cookies | Univers\"}]},{\"@type\":\"WebSite\",\"@id\":\"https:\/\/univers.com\/es\/#website\",\"url\":\"https:\/\/univers.com\/es\/\",\"name\":\"Univers\",\"description\":\"L\u00edder mundial en IA e IoT para la energ\u00eda\",\"publisher\":{\"@id\":\"https:\/\/univers.com\/es\/#organization\"},\"potentialAction\":[{\"@type\":\"SearchAction\",\"target\":{\"@type\":\"EntryPoint\",\"urlTemplate\":\"https:\/\/univers.com\/es\/?s={search_term_string}\"},\"query-input\":{\"@type\":\"PropertyValueSpecification\",\"valueRequired\":true,\"valueName\":\"search_term_string\"}}],\"inLanguage\":\"es-ES\"},{\"@type\":\"Organization\",\"@id\":\"https:\/\/univers.com\/es\/#organization\",\"name\":\"Univers\",\"url\":\"https:\/\/univers.com\/es\/\",\"logo\":{\"@type\":\"ImageObject\",\"inLanguage\":\"es-ES\",\"@id\":\"https:\/\/univers.com\/es\/#\/schema\/logo\/image\/\",\"url\":\"https:\/\/univers.com\/wp-content\/uploads\/2024\/09\/LOGO-UNIVERS-BLACK@3x.png\",\"contentUrl\":\"https:\/\/univers.com\/wp-content\/uploads\/2024\/09\/LOGO-UNIVERS-BLACK@3x.png\",\"width\":345,\"height\":63,\"caption\":\"Univers\"},\"image\":{\"@id\":\"https:\/\/univers.com\/es\/#\/schema\/logo\/image\/\"},\"sameAs\":[\"https:\/\/www.linkedin.com\/company\/univers-intl\/\"]}]}<\/script>\n<!-- \/ Yoast SEO Premium plugin. -->","yoast_head_json":{"title":"Nuestra pol\u00edtica de cookies | Univers - %","robots":{"index":"index","follow":"follow","max-snippet":"max-snippet:-1","max-image-preview":"max-image-preview:large","max-video-preview":"max-video-preview:-1"},"canonical":"https:\/\/univers.com\/es\/nuestra-politica-de-cookies-univers\/","og_locale":"es_ES","og_type":"article","og_title":"Nuestra pol\u00edtica de cookies | Univers","og_description":"Pol\u00edtica de cookies Fecha de entrada en vigor: 13 Sep 2023\u00daltima revisi\u00f3n: 17 Sep 2025 Pol\u00edtica de cookies Univers Pte. Ltd. y sus filiales &#8220;(&#8220;nos&#8221;&#8221; o &#8220;&#8221;nosotros&#8221;&#8221;) utilizan cookies y otras tecnolog\u00edas similares (&#8220;cookies&#8221;) para reconocer tu navegador o dispositivo y ofrecerte funciones y servicios esenciales. \u00c1mbito de aplicaci\u00f3n de esta Pol\u00edtica de Cookies Esta [&hellip;]","og_url":"https:\/\/univers.com\/es\/nuestra-politica-de-cookies-univers\/","og_site_name":"Univers","article_modified_time":"2025-12-16T17:22:58+00:00","og_image":[{"width":796,"height":169,"url":"https:\/\/univers.com\/wp-content\/uploads\/2024\/09\/image-102.png","type":"image\/png"}],"twitter_card":"summary_large_image","twitter_misc":{"Est. reading time":"3 minutes"},"schema":{"@context":"https:\/\/schema.org","@graph":[{"@type":"WebPage","@id":"https:\/\/univers.com\/es\/nuestra-politica-de-cookies-univers\/","url":"https:\/\/univers.com\/es\/nuestra-politica-de-cookies-univers\/","name":"Nuestra pol\u00edtica de cookies | Univers - %","isPartOf":{"@id":"https:\/\/univers.com\/es\/#website"},"primaryImageOfPage":{"@id":"https:\/\/univers.com\/es\/nuestra-politica-de-cookies-univers\/#primaryimage"},"image":{"@id":"https:\/\/univers.com\/es\/nuestra-politica-de-cookies-univers\/#primaryimage"},"thumbnailUrl":"https:\/\/univers.com\/wp-content\/uploads\/2024\/09\/image-102.png","datePublished":"2024-09-26T05:48:27+00:00","dateModified":"2025-12-16T17:22:58+00:00","breadcrumb":{"@id":"https:\/\/univers.com\/es\/nuestra-politica-de-cookies-univers\/#breadcrumb"},"inLanguage":"es-ES","potentialAction":[{"@type":"ReadAction","target":["https:\/\/univers.com\/es\/nuestra-politica-de-cookies-univers\/"]}]},{"@type":"ImageObject","inLanguage":"es-ES","@id":"https:\/\/univers.com\/es\/nuestra-politica-de-cookies-univers\/#primaryimage","url":"https:\/\/univers.com\/wp-content\/uploads\/2024\/09\/image-102.png","contentUrl":"https:\/\/univers.com\/wp-content\/uploads\/2024\/09\/image-102.png"},{"@type":"BreadcrumbList","@id":"https:\/\/univers.com\/es\/nuestra-politica-de-cookies-univers\/#breadcrumb","itemListElement":[{"@type":"ListItem","position":1,"name":"Inicio","item":"https:\/\/univers.com\/es\/"},{"@type":"ListItem","position":2,"name":"Nuestra pol\u00edtica de cookies | Univers"}]},{"@type":"WebSite","@id":"https:\/\/univers.com\/es\/#website","url":"https:\/\/univers.com\/es\/","name":"Univers","description":"L\u00edder mundial en IA e IoT para la energ\u00eda","publisher":{"@id":"https:\/\/univers.com\/es\/#organization"},"potentialAction":[{"@type":"SearchAction","target":{"@type":"EntryPoint","urlTemplate":"https:\/\/univers.com\/es\/?s={search_term_string}"},"query-input":{"@type":"PropertyValueSpecification","valueRequired":true,"valueName":"search_term_string"}}],"inLanguage":"es-ES"},{"@type":"Organization","@id":"https:\/\/univers.com\/es\/#organization","name":"Univers","url":"https:\/\/univers.com\/es\/","logo":{"@type":"ImageObject","inLanguage":"es-ES","@id":"https:\/\/univers.com\/es\/#\/schema\/logo\/image\/","url":"https:\/\/univers.com\/wp-content\/uploads\/2024\/09\/LOGO-UNIVERS-BLACK@3x.png","contentUrl":"https:\/\/univers.com\/wp-content\/uploads\/2024\/09\/LOGO-UNIVERS-BLACK@3x.png","width":345,"height":63,"caption":"Univers"},"image":{"@id":"https:\/\/univers.com\/es\/#\/schema\/logo\/image\/"},"sameAs":["https:\/\/www.linkedin.com\/company\/univers-intl\/"]}]}},"_links":{"self":[{"href":"https:\/\/univers.com\/es\/wp-json\/wp\/v2\/pages\/27728","targetHints":{"allow":["GET"]}}],"collection":[{"href":"https:\/\/univers.com\/es\/wp-json\/wp\/v2\/pages"}],"about":[{"href":"https:\/\/univers.com\/es\/wp-json\/wp\/v2\/types\/page"}],"author":[{"embeddable":true,"href":"https:\/\/univers.com\/es\/wp-json\/wp\/v2\/users\/2"}],"replies":[{"embeddable":true,"href":"https:\/\/univers.com\/es\/wp-json\/wp\/v2\/comments?post=27728"}],"version-history":[{"count":0,"href":"https:\/\/univers.com\/es\/wp-json\/wp\/v2\/pages\/27728\/revisions"}],"wp:attachment":[{"href":"https:\/\/univers.com\/es\/wp-json\/wp\/v2\/media?parent=27728"}],"wp:term":[{"taxonomy":"page-header","embeddable":true,"href":"https:\/\/univers.com\/es\/wp-json\/wp\/v2\/page-header?post=27728"},{"taxonomy":"page-type","embeddable":true,"href":"https:\/\/univers.com\/es\/wp-json\/wp\/v2\/page-type?post=27728"}],"curies":[{"name":"wp","href":"https:\/\/api.w.org\/{rel}","templated":true}]}}